{"id":1370,"date":"2016-11-23T11:29:34","date_gmt":"2016-11-23T11:29:34","guid":{"rendered":"http:\/\/projekti.euroart93.hr\/velinac-webshop\/?page_id=1370"},"modified":"2017-02-10T15:12:55","modified_gmt":"2017-02-10T14:12:55","slug":"uvjeti-poslovanja","status":"publish","type":"page","link":"https:\/\/www.velinac.hr\/shop\/uvjeti-poslovanja\/","title":{"rendered":"Uvjeti poslovanja"},"content":{"rendered":"<h2>Op\u0107i uvjeti<\/h2>\n<p><strong>Velinac d.o.o. <\/strong>sa sjedi\u0161tem u <strong>Anke Krizmani\u0107 8, 10360 Sesvete <\/strong>izdava\u010d je internet stranice <strong>www.velinac.hr. <\/strong>Skup usluga koje pru\u017ea na domeni <strong>www.velinac.hr<\/strong> je <strong>pru\u017eanje informacijskih usluga i upravljanja sadr\u017eajem<\/strong>. Kori\u0161tenjem internetske stranice <strong>www.velinac.hr<\/strong> smatra se da ste kao korisnik u potpunosti upoznati i suglasni s navedenim Uvjetima kori\u0161tenja, Uvjetima prodaje i Izjavom o povjerljivosti podataka.<\/p>\n<p>Ukoliko se s istima ne sla\u017eete i ne prihva\u0107ate ih, molimo vas da se ne koristite ovom internetskom stranicom. Svakim daljnjim kori\u0161tenjem ovih internetskih stranica nakon upoznavanja s Uvjetima kori\u0161tenja, smatra se da su korisnici suglasni s ovdje iznesenim uvjetima i pravilima te pristaju na kori\u0161tenje Internetskih stranica sukladno tim uvjetima. Korisnik je suglasan da je kori\u0161tenje internetskih stranica <strong>www.velinac.hr<\/strong> isklju\u010divo na njegovu odgovornost. <strong>Velinac d.o.o. <\/strong>kao niti jedna tre\u0107a osoba povezana s njim ne mogu ni na koji na\u010din jam\u010diti da kori\u0161tenje ove internetske stranice ne\u0107e biti prekinuto ili bez pogre\u0161aka, niti mogu jam\u010diti za posljedice kori\u0161tenja ove internetske stranice ili to\u010dnost, pouzdanost ili sadr\u017eaj bilo koje informacije, usluge ili robe dane preko ovih internetskih stranica.<\/p>\n<p>Korisnik se sla\u017ee i potvr\u0111uje da <strong>Velinac d.o.o. <\/strong>nije odgovoran za neprikladno ili protuzakonito pona\u0161anje drugih korisnika ili tre\u0107ih strana te da je rizik od eventualnih \u0161teta nastalih kao rezultat navedenog u potpunosti na korisniku. Izjava o odgovornosti odnosi se na sve \u0161tete uzrokovane bilo kakvom gre\u0161kom, brisanjem, prekidom, ra\u010dunalnim virusom, kvarom, ka\u0161njenjem u radu ili prijenosu, prekidom u komunikacijskoj liniji, kra\u0111om, raskidom ugovora, uni\u0161tenjem ili neovla\u0161tenim pristupom, promjenama ili zlouporabom zapisa, neprikladnim pona\u0161anjem, nemarom, ili bilo kakvom drugom radnjom.<\/p>\n<p><strong>Velinac d.o.o. <\/strong>ili druga fizi\u010dka ili pravna osoba uklju\u010dena u stvaranje, proizvodnju i distribuciju ove internetske stranice nisu odgovorni ni za kakvu \u0161tetu nastalu kao posljedica kori\u0161tenja ili nemogu\u0107nosti kori\u0161tenja ovih internetskih stranica. Korisnik je odgovoran za za\u0161titu povjerljivosti zaporki koje se pojavljuju i kreiraju pri kori\u0161tenju usluga internet stranica <strong>www.velinac.hr<\/strong>. Tako\u0111er, korisnik je odgovoran za nabavu i odr\u017eavanje svoje ra\u010dunalne opreme, pod kojom se podrazumijeva sav softver i hardver koji se koristi te za drugu opremu nu\u017enu za pristup i kori\u0161tenje stranice <strong>www.velinac.hr <\/strong>\u00a0te za sve tro\u0161kove povezane s tim.<\/p>\n<p>Bilo kakva o\u0161te\u0107enja opreme korisnika nastala kao posljedica kori\u0161tenja predmetnih internetskih stranica nisu u odgovornosti tvrtke <strong>Velinac d.o.o.. Velinac d.o.o. <\/strong>zadr\u017eava pravo u svakom trenutku, i bez prethodne obavijesti, ukoliko to smatra potrebnim, ukinuti ili izmijeniti bilo koji od ovdje navedenih Uvjeta kori\u0161tenja internetske stranice i\/ili Izjavu o povjerljivosti podataka. Predmetne izmjene mogu izme\u0111u ostalog uklju\u010divati i uvo\u0111enje odre\u0111enih naknada ili naplata pa savjetujemo korisnike da periodi\u010dno ponovno detaljno pro\u010ditaju informacije sadr\u017eane u Uvjetima kori\u0161tenja i Izjavi o povjerljivosti podataka, a kako bi bili informirani o eventualnim promjenama.<\/p>\n<p>Tako\u0111er, <strong>Velinac d.o.o. <\/strong>zadr\u017eava pravo u bilo kojem trenutku izmijeniti ili ukinuti bilo koji segment poslovanja, uklju\u010duju\u0107i, i bez ograni\u010denja, vrijeme dostupnosti, sadr\u017eaj, kao i opremu potrebnu za pristup ili kori\u0161tenje internet stranica. Isto tako, <strong>Velinac d.o.o. <\/strong>mo\u017ee prestati slati informacije ili dio informacija, mo\u017ee promijeniti ili ukinuti bilo koji na\u010din prijenosa podataka te mo\u017ee promijeniti brzine prijenosa podataka, kao i bilo koje njihove druge karakteristike. U slu\u010daju da do\u0111e do promijene Uvjeta kori\u0161tenja i\/ili Izjave o povjerljivosti podataka, a korisnik nastavi koristiti internetske stranice, smatra se da prihva\u0107a Uvjete kori\u0161tenja i Izjavu o povjerljivosti podataka u izmijenjenom obliku.<\/p>\n<p>Svaka eventualna izmjena ili brisanje uvjeta kori\u0161tenja va\u017ee\u0107a je prema tre\u0107ima odmah po objavi na internetskim stranicama<strong> www.velinac.hr.<\/strong> Svako kori\u0161tenje, osim upoznavanja s izmjenama uvjeta, predmetnih internetskih stranica od strane krajnjeg korisnika nakon takve promjene podrazumijevat \u0107e se kao prihva\u0107anje tih promjena. Obveza i du\u017enost korisnika je da koristi internetsku stranicu <strong>www.velinac.hr <\/strong>isklju\u010divo u skladu s propisima Republike Hrvatske, kao i s op\u0107im moralnim i eti\u010dkim na\u010delima. Kori\u0161tenjem internetskih stranica <strong>www.velinac.hr <\/strong>od strane korisnika smatra se da je korisnik suglasan da sva komunikacija i interakcija koja se odvija putem internetskih tih stranica mora biti u skladu s ovim Uvjetima kori\u0161tenja.<\/p>\n<p>Korisnici ne smiju putem ovih internetskih stranica objavljivati, prenositi ili u\u010diniti dostupnima na bilo koji na\u010din nikakve materijale \u010dijim sadr\u017eajem se na bilo koji na\u010din kr\u0161e prava drugih, primjerice, sadr\u017eaj koji je uvredljiv, klevetni\u010dki, koji naru\u0161ava ili ugro\u017eava privatnost itd., kao ni materijale nezakonitog sadr\u017eaja i forme. <strong>Velinac d.o.o. <\/strong>zadr\u017eava diskrecijsko pravo da samo ocijeni je li do\u0161lo do povrede obveza od strane korisnika. Korisnik ne smije bez prethodnog pismenog odobrenja <strong>Velinac d.o.o. <\/strong>objavljivati, prenositi ili u\u010diniti dostupnima na bilo koji na\u010din sadr\u017eaj koji sadr\u017ei oglas, reklamu ili ponudu bilo \u010dijih proizvoda i usluga, kao ni vjersku, politi\u010dku i nekomercijalnu promid\u017ebu, a posebno ne smije vrbovati druge korisnike internetskih stranica <strong>www.velinac.hr<\/strong> da postanu korisnici druge usluge koja je direktna ili indirektna konkurencija.<\/p>\n<p><strong>Velinac d.o.o. <\/strong>zadr\u017eava diskrecijsko pravo da samostalno ocijeni da li je do\u0161lo do povrede obveza od strane korisnika. Materijali koji se nalaze na internetskim stranicama <strong>www.velinac.hr<\/strong> u vlasni\u0161tvu su tvrtke <strong>Velinac d.o.o. <\/strong>te su kao takvi za\u0161ti\u0107eni zakonom, ili se koriste sukladno odobrenju nositelja autorskih prava te nositelja prava na \u017eigovima, kao i sukladno drugim potrebnim odobrenjima. <strong>Velinac d.o.o. <\/strong>je tako\u0111er nositelj autorskih prava na cjelokupnom idejnom sadr\u017eaju internetske stranice <strong>www.velinac.hr<\/strong> neophodnom za ispravno i nesmetano funkcioniranje projekta.<\/p>\n<p>Zabranjeno je bilo kakva kopiranje, prijenos, distribucija, povezivanje, objavljivanje ili na bilo koji na\u010din mijenjanje ovih internetskih stranica bez pismenog odobrenja <strong>Velinac d.o.o.<\/strong> Svako kr\u0161enje spomenute zabrane mo\u017ee imati za posljedicu povredu autorskih prava, prava \u017eiga ili kakvog drugog prava pa stoga mo\u017ee proizvesti ne\u017eeljene u\u010dinke kao \u0161to su pokretanja vi\u0161e vrsta sudskih postupaka, a osobito mo\u017ee dovesti do kaznenog progona. Korisnik ne smije mijenjati, objavljivati, prenositi, sudjelovati u prijenosu ili prodaji, stvarati izvedenice, ili na bilo koji drugi na\u010din iskori\u0161tavati bilo koji sadr\u017eaj sa internetske stranice <strong>www.velinac.hr<\/strong> u cijelosti ili djelomi\u010dno.<\/p>\n<p>Tako\u0111er nije dozvoljeno kopiranje, redistribucija, ponovni prijenos, izdavanje ili komercijalno iskori\u0161tavanje preuzetog materijala. Korisnik se sla\u017ee da ne\u0107e smatrati odgovornim i da \u0107e obe\u0161tetiti<strong> Velinac d.o.o. <\/strong>od svih zahtjeva za naknadom \u0161tete i tro\u0161kova. Isto se odnosi i na njezine podru\u017enice, njihove odgovorne osobe, zaposlenike, agente. Pod tim se podrazumijevaju i to uklju\u010duje i tro\u0161kove pravnog zastupanja, a koji mogu nastati kori\u0161tenjem ovih internetskih stranica od strane korisnika.<strong> Velinac d.o.o. <\/strong>mo\u017ee raskinuti poslovni odnos s korisnikom u bilo kojem trenutku i zadr\u017eava pravo odmah ukinuti sve ili bilo koje zaporke, ili korisni\u010dke ra\u010dune korisnika u slu\u010daju pona\u0161anja korisnika koje <strong>Velinac d.o.o. <\/strong>smatra neprihvatljivim.<\/p>\n<p>Tako\u0111er, <strong>Velinac d.o.o. <\/strong>mo\u017ee raskinuti poslovni odnos sa bilo kojim korisnikom u svakom slu\u010daju nepo\u0161tivanja ovih Uvjeta od strane korisnika. U slu\u010daju ukidanja zaporki ili korisni\u010dkih ra\u010duna nastavljaju vrijediti uvjeti koji se odnose na odgovornost i obveze korisnika. <strong>Velinac d.o.o. <\/strong>\u00a0nije odgovoran za bilo kakav eventualni gubitak ili \u0161tetu nastalu iz razloga \u0161to se korisnik oslonio na informacije dobivene na internetskim stranicama <strong>www.velinac.hr. Velinac d.o.o. <\/strong>se izri\u010dito ogra\u0111uje u svakom smislu od sadr\u017eaja materijala na internet stranicama tre\u0107ih strana, a na koje bi se moglo pristupiti sa internetske stranice <strong>www.velinac.hr.<\/strong><\/p>\n<p>U slu\u010daju da korisnik pristupiti internet stranicama tre\u0107ih strana, isti to \u010dini isklju\u010divo i samo na vlastitu odgovornost, \u0161to podrazumijeva svako isklju\u010denje odgovornosti <strong>Velinac d.o.o. <\/strong>U slu\u010daju da je neka od stavki ovih uvjeta kori\u0161tenja ni\u0161tava, takva ni\u0161tavost ne\u0107e utjecati na valjanost bilo koje druge odredbe ovih uvjeta te \u0107e preostali dijelovi ovih Uvjeta ostati na snazi, a ni\u0161tavna odredba \u0107e se zamijeniti valjanom odredbom koja po smislu i pravoj volji najvi\u0161e odgovara odredbi koja je ni\u0161tavna. Ukoliko bilo koja strana ne iskoristi svoja prava iz ovih uvjeta kori\u0161tenja, to se ne\u0107e smatrati odricanjem ili gubitkom tih prava, kao ni bilo kojih drugih ovdje navedenih prava.<\/p>\n<p>Bilo koji spor ili zahtjev, proiza\u0161ao iz, ili koji je u vezi s ovim Uvjetima, ili u vezi s njihovim provo\u0111enjem, u nadle\u017enosti je suda u <strong>Zagrebu<\/strong> i rje\u0161ava se u skladu s pozitivnim propisima Republike Hrvatske. Prihva\u0107anjem Uvjeta kori\u0161tenja smatra se da je korisnik upoznat s tehni\u010dkim podacima proizvoda <strong>Velinac d.o.o. <\/strong>Posjetom stranici <strong>www.velinac.hr<\/strong> smatra se da je korisnik ove Uvjete kori\u0161tenja u cijelosti pro\u010ditao.<\/p>\n<p><strong>Velinac d.o.o. <\/strong>se obavezuje pru\u017eati za\u0161titu osobnim podacima kupaca na na\u010din da prikuplja samo nu\u017ene; osnovne podatke o kupcima koji su nu\u017eni za ispunjenje na\u0161ih obveza. <strong>Velinac d.o.o. <\/strong>informira kupce o na\u010dinu kori\u0161tenja prikupljenih podataka, redovito daje kupcima mogu\u0107nost izbora o upotrebi njihovih podataka, uklju\u010duju\u0107i mogu\u0107nost odluke \u017eele li ili ne da se njihovo ime ukloni s lista koje se koriste za marketin\u0161ke kampanje. Prilikom registracije ili kupnje, korisnik inicijalno prihva\u0107a primanje elektronskih promo materijala i ponuda.<\/p>\n<p>Svi se podaci o korisnicima strogo \u010duvaju i dostupni su samo djelatnicima kojima su ti podaci nu\u017eni za obavljanje posla. Svi djelatnici <strong>Velinac d.o.o. <\/strong>i poslovni partneri odgovorni su za po\u0161tivanje na\u010dela za\u0161tite privatnosti.<\/p>\n<p><strong>Velinac d.o.o. <\/strong>je registriran u Sredi\u0161njem registru evidencija zbirki osobnih podataka pri Agenciji za za\u0161titu osobnih podataka AZOP.<\/p>\n","protected":false},"excerpt":{"rendered":"<p>Op\u0107i uvjeti Velinac d.o.o. sa sjedi\u0161tem u Anke Krizmani\u0107 8, 10360 Sesvete izdava\u010d je internet stranice www.velinac.hr. Skup usluga koje pru\u017ea na domeni www.velinac.hr je pru\u017eanje informacijskih usluga i upravljanja sadr\u017eajem. Kori\u0161tenjem internetske stranice www.velinac.hr smatra se da &hellip;<\/p>\n","protected":false},"author":1,"featured_media":0,"parent":0,"menu_order":0,"comment_status":"closed","ping_status":"closed","template":"","meta":{"_acf_changed":false,"footnotes":""},"acf":[],"yoast_head":"<!-- This site is optimized with the Yoast SEO plugin v22.8 - https:\/\/yoast.com\/wordpress\/plugins\/seo\/ -->\n<title>Uvjeti poslovanja - Velinac webshop<\/title>\n<meta name=\"robots\" content=\"index, follow, max-snippet:-1, max-image-preview:large, max-video-preview:-1\" \/>\n<link rel=\"canonical\" href=\"https:\/\/www.velinac.hr\/shop\/uvjeti-poslovanja\/\" \/>\n<meta property=\"og:locale\" content=\"en_US\" \/>\n<meta property=\"og:type\" content=\"article\" \/>\n<meta property=\"og:title\" content=\"Uvjeti poslovanja - Velinac webshop\" \/>\n<meta property=\"og:description\" content=\"Op\u0107i uvjeti Velinac d.o.o. sa sjedi\u0161tem u Anke Krizmani\u0107 8, 10360 Sesvete izdava\u010d je internet stranice www.velinac.hr. Skup usluga koje pru\u017ea na domeni www.velinac.hr je pru\u017eanje informacijskih usluga i upravljanja sadr\u017eajem. Kori\u0161tenjem internetske stranice www.velinac.hr smatra se da &hellip;\" \/>\n<meta property=\"og:url\" content=\"https:\/\/www.velinac.hr\/shop\/uvjeti-poslovanja\/\" \/>\n<meta property=\"og:site_name\" content=\"Velinac webshop\" \/>\n<meta property=\"article:modified_time\" content=\"2017-02-10T14:12:55+00:00\" \/>\n<meta name=\"twitter:card\" content=\"summary_large_image\" \/>\n<meta name=\"twitter:label1\" content=\"Est. reading time\" \/>\n\t<meta name=\"twitter:data1\" content=\"8 minutes\" \/>\n<script type=\"application\/ld+json\" class=\"yoast-schema-graph\">{\"@context\":\"https:\/\/schema.org\",\"@graph\":[{\"@type\":\"WebPage\",\"@id\":\"https:\/\/www.velinac.hr\/shop\/uvjeti-poslovanja\/\",\"url\":\"https:\/\/www.velinac.hr\/shop\/uvjeti-poslovanja\/\",\"name\":\"Uvjeti poslovanja - Velinac webshop\",\"isPartOf\":{\"@id\":\"https:\/\/www.velinac.hr\/shop\/#website\"},\"datePublished\":\"2016-11-23T11:29:34+00:00\",\"dateModified\":\"2017-02-10T14:12:55+00:00\",\"breadcrumb\":{\"@id\":\"https:\/\/www.velinac.hr\/shop\/uvjeti-poslovanja\/#breadcrumb\"},\"inLanguage\":\"en-US\",\"potentialAction\":[{\"@type\":\"ReadAction\",\"target\":[\"https:\/\/www.velinac.hr\/shop\/uvjeti-poslovanja\/\"]}]},{\"@type\":\"BreadcrumbList\",\"@id\":\"https:\/\/www.velinac.hr\/shop\/uvjeti-poslovanja\/#breadcrumb\",\"itemListElement\":[{\"@type\":\"ListItem\",\"position\":1,\"name\":\"Po\u010detna stranica\",\"item\":\"https:\/\/www.velinac.hr\/shop\/\"},{\"@type\":\"ListItem\",\"position\":2,\"name\":\"Uvjeti poslovanja\"}]},{\"@type\":\"WebSite\",\"@id\":\"https:\/\/www.velinac.hr\/shop\/#website\",\"url\":\"https:\/\/www.velinac.hr\/shop\/\",\"name\":\"Velinac webshop\",\"description\":\"ured za Va\u0161 presti\u017e\",\"potentialAction\":[{\"@type\":\"SearchAction\",\"target\":{\"@type\":\"EntryPoint\",\"urlTemplate\":\"https:\/\/www.velinac.hr\/shop\/?s={search_term_string}\"},\"query-input\":\"required name=search_term_string\"}],\"inLanguage\":\"en-US\"}]}<\/script>\n<!-- \/ Yoast SEO plugin. -->","yoast_head_json":{"title":"Uvjeti poslovanja - Velinac webshop","robots":{"index":"index","follow":"follow","max-snippet":"max-snippet:-1","max-image-preview":"max-image-preview:large","max-video-preview":"max-video-preview:-1"},"canonical":"https:\/\/www.velinac.hr\/shop\/uvjeti-poslovanja\/","og_locale":"en_US","og_type":"article","og_title":"Uvjeti poslovanja - Velinac webshop","og_description":"Op\u0107i uvjeti Velinac d.o.o. sa sjedi\u0161tem u Anke Krizmani\u0107 8, 10360 Sesvete izdava\u010d je internet stranice www.velinac.hr. Skup usluga koje pru\u017ea na domeni www.velinac.hr je pru\u017eanje informacijskih usluga i upravljanja sadr\u017eajem. Kori\u0161tenjem internetske stranice www.velinac.hr smatra se da &hellip;","og_url":"https:\/\/www.velinac.hr\/shop\/uvjeti-poslovanja\/","og_site_name":"Velinac webshop","article_modified_time":"2017-02-10T14:12:55+00:00","twitter_card":"summary_large_image","twitter_misc":{"Est. reading time":"8 minutes"},"schema":{"@context":"https:\/\/schema.org","@graph":[{"@type":"WebPage","@id":"https:\/\/www.velinac.hr\/shop\/uvjeti-poslovanja\/","url":"https:\/\/www.velinac.hr\/shop\/uvjeti-poslovanja\/","name":"Uvjeti poslovanja - Velinac webshop","isPartOf":{"@id":"https:\/\/www.velinac.hr\/shop\/#website"},"datePublished":"2016-11-23T11:29:34+00:00","dateModified":"2017-02-10T14:12:55+00:00","breadcrumb":{"@id":"https:\/\/www.velinac.hr\/shop\/uvjeti-poslovanja\/#breadcrumb"},"inLanguage":"en-US","potentialAction":[{"@type":"ReadAction","target":["https:\/\/www.velinac.hr\/shop\/uvjeti-poslovanja\/"]}]},{"@type":"BreadcrumbList","@id":"https:\/\/www.velinac.hr\/shop\/uvjeti-poslovanja\/#breadcrumb","itemListElement":[{"@type":"ListItem","position":1,"name":"Po\u010detna stranica","item":"https:\/\/www.velinac.hr\/shop\/"},{"@type":"ListItem","position":2,"name":"Uvjeti poslovanja"}]},{"@type":"WebSite","@id":"https:\/\/www.velinac.hr\/shop\/#website","url":"https:\/\/www.velinac.hr\/shop\/","name":"Velinac webshop","description":"ured za Va\u0161 presti\u017e","potentialAction":[{"@type":"SearchAction","target":{"@type":"EntryPoint","urlTemplate":"https:\/\/www.velinac.hr\/shop\/?s={search_term_string}"},"query-input":"required name=search_term_string"}],"inLanguage":"en-US"}]}},"_links":{"self":[{"href":"https:\/\/www.velinac.hr\/shop\/wp-json\/wp\/v2\/pages\/1370"}],"collection":[{"href":"https:\/\/www.velinac.hr\/shop\/wp-json\/wp\/v2\/pages"}],"about":[{"href":"https:\/\/www.velinac.hr\/shop\/wp-json\/wp\/v2\/types\/page"}],"author":[{"embeddable":true,"href":"https:\/\/www.velinac.hr\/shop\/wp-json\/wp\/v2\/users\/1"}],"replies":[{"embeddable":true,"href":"https:\/\/www.velinac.hr\/shop\/wp-json\/wp\/v2\/comments?post=1370"}],"version-history":[{"count":6,"href":"https:\/\/www.velinac.hr\/shop\/wp-json\/wp\/v2\/pages\/1370\/revisions"}],"predecessor-version":[{"id":3185,"href":"https:\/\/www.velinac.hr\/shop\/wp-json\/wp\/v2\/pages\/1370\/revisions\/3185"}],"wp:attachment":[{"href":"https:\/\/www.velinac.hr\/shop\/wp-json\/wp\/v2\/media?parent=1370"}],"curies":[{"name":"wp","href":"https:\/\/api.w.org\/{rel}","templated":true}]}}