{"id":15094,"date":"2021-03-25T14:21:26","date_gmt":"2021-03-25T13:21:26","guid":{"rendered":"https:\/\/www.velinac.hr\/shop\/?post_type=product&#038;p=15094"},"modified":"2024-04-16T11:25:54","modified_gmt":"2024-04-16T09:25:54","slug":"radni-stol-bazni-element-harmony-220","status":"publish","type":"product","link":"https:\/\/www.velinac.hr\/shop\/proizvodi\/radni-stol-bazni-element-harmony-220\/","title":{"rendered":"Radni stol za bazni element Harmony 220"},"content":{"rendered":"<p>Radna plo\u010da stola te noge stola izra\u0111eni od iverala debljine 43 mm. Vezna plo\u010da izra\u0111ena od iverala debljine 36 mm.\u00a0 Prednja plo\u010da stola izra\u0111ena od iverala debljine 18 mm. Rubovi\u00a0 kantirani\u00a0 ABS rubnom trakom debljine 1 mm odnosno 2 mm. Radni stolovi opremljeni su dekorativnim odstojnicima. Mogu\u0107a izvedba i u MDF-u lakiranom bijelim lakom visokog sjaja. Stol se jednom stranom oslanja na bazni element.\u00a0 Visina stola mo\u017ee se nivelirati pomo\u0107u ugra\u0111enih no\u017eica za nivelaciju ugra\u0111enih na nogu stola te na bazni element.<\/p>\n<p>Mogu\u0107a \u201elijeva\u201c odnosno \u201edesna\u201c izvedba.<\/p>\n<p>Na fotografijama je prikazana \u201edesna\u201c izvedba.<\/p>\n","protected":false},"excerpt":{"rendered":"<p>Radna plo\u010da stola te noge stola izra\u0111eni od iverala debljine 43 mm. Vezna plo\u010da izra\u0111ena od iverala debljine 36 mm.\u00a0 Prednja plo\u010da stola izra\u0111ena od iverala debljine 18 mm. Rubovi\u00a0 kantirani\u00a0 ABS rubnom trakom debljine 1 mm odnosno &hellip;<\/p>\n","protected":false},"featured_media":15077,"comment_status":"open","ping_status":"closed","template":"","meta":{"_acf_changed":false},"acf":[],"yoast_head":"<!-- This site is optimized with the Yoast SEO plugin v22.8 - https:\/\/yoast.com\/wordpress\/plugins\/seo\/ -->\n<title>Radni stol za bazni element Harmony 220 - Velinac webshop<\/title>\n<meta name=\"robots\" content=\"index, follow, max-snippet:-1, max-image-preview:large, max-video-preview:-1\" \/>\n<link rel=\"canonical\" href=\"https:\/\/www.velinac.hr\/shop\/proizvodi\/radni-stol-bazni-element-harmony-220\/\" \/>\n<meta property=\"og:locale\" content=\"en_US\" \/>\n<meta property=\"og:type\" content=\"article\" \/>\n<meta property=\"og:title\" content=\"Radni stol za bazni element Harmony 220 - Velinac webshop\" \/>\n<meta property=\"og:description\" content=\"Radna plo\u010da stola te noge stola izra\u0111eni od iverala debljine 43 mm. Vezna plo\u010da izra\u0111ena od iverala debljine 36 mm.\u00a0 Prednja plo\u010da stola izra\u0111ena od iverala debljine 18 mm. Rubovi\u00a0 kantirani\u00a0 ABS rubnom trakom debljine 1 mm odnosno &hellip;\" \/>\n<meta property=\"og:url\" content=\"https:\/\/www.velinac.hr\/shop\/proizvodi\/radni-stol-bazni-element-harmony-220\/\" \/>\n<meta property=\"og:site_name\" content=\"Velinac webshop\" \/>\n<meta property=\"article:modified_time\" content=\"2024-04-16T09:25:54+00:00\" \/>\n<meta property=\"og:image\" content=\"https:\/\/www.velinac.hr\/shop\/wp-content\/uploads\/2021\/03\/50020d_orah-0000.jpg\" \/>\n\t<meta property=\"og:image:width\" content=\"1000\" \/>\n\t<meta property=\"og:image:height\" content=\"1000\" \/>\n\t<meta property=\"og:image:type\" content=\"image\/jpeg\" \/>\n<meta name=\"twitter:card\" content=\"summary_large_image\" \/>\n<meta name=\"twitter:label1\" content=\"Est. reading time\" \/>\n\t<meta name=\"twitter:data1\" content=\"1 minute\" \/>\n<script type=\"application\/ld+json\" class=\"yoast-schema-graph\">{\"@context\":\"https:\/\/schema.org\",\"@graph\":[{\"@type\":\"WebPage\",\"@id\":\"https:\/\/www.velinac.hr\/shop\/proizvodi\/radni-stol-bazni-element-harmony-220\/\",\"url\":\"https:\/\/www.velinac.hr\/shop\/proizvodi\/radni-stol-bazni-element-harmony-220\/\",\"name\":\"Radni stol za bazni element Harmony 220 - Velinac webshop\",\"isPartOf\":{\"@id\":\"https:\/\/www.velinac.hr\/shop\/#website\"},\"primaryImageOfPage\":{\"@id\":\"https:\/\/www.velinac.hr\/shop\/proizvodi\/radni-stol-bazni-element-harmony-220\/#primaryimage\"},\"image\":{\"@id\":\"https:\/\/www.velinac.hr\/shop\/proizvodi\/radni-stol-bazni-element-harmony-220\/#primaryimage\"},\"thumbnailUrl\":\"https:\/\/www.velinac.hr\/shop\/wp-content\/uploads\/2021\/03\/50020d_orah-0000.jpg\",\"datePublished\":\"2021-03-25T13:21:26+00:00\",\"dateModified\":\"2024-04-16T09:25:54+00:00\",\"breadcrumb\":{\"@id\":\"https:\/\/www.velinac.hr\/shop\/proizvodi\/radni-stol-bazni-element-harmony-220\/#breadcrumb\"},\"inLanguage\":\"en-US\",\"potentialAction\":[{\"@type\":\"ReadAction\",\"target\":[\"https:\/\/www.velinac.hr\/shop\/proizvodi\/radni-stol-bazni-element-harmony-220\/\"]}]},{\"@type\":\"ImageObject\",\"inLanguage\":\"en-US\",\"@id\":\"https:\/\/www.velinac.hr\/shop\/proizvodi\/radni-stol-bazni-element-harmony-220\/#primaryimage\",\"url\":\"https:\/\/www.velinac.hr\/shop\/wp-content\/uploads\/2021\/03\/50020d_orah-0000.jpg\",\"contentUrl\":\"https:\/\/www.velinac.hr\/shop\/wp-content\/uploads\/2021\/03\/50020d_orah-0000.jpg\",\"width\":1000,\"height\":1000},{\"@type\":\"BreadcrumbList\",\"@id\":\"https:\/\/www.velinac.hr\/shop\/proizvodi\/radni-stol-bazni-element-harmony-220\/#breadcrumb\",\"itemListElement\":[{\"@type\":\"ListItem\",\"position\":1,\"name\":\"Po\u010detna stranica\",\"item\":\"https:\/\/www.velinac.hr\/shop\/\"},{\"@type\":\"ListItem\",\"position\":2,\"name\":\"Proizvodi\",\"item\":\"https:\/\/www.velinac.hr\/shop\/proizvodi\/\"},{\"@type\":\"ListItem\",\"position\":3,\"name\":\"Stolovi\",\"item\":\"https:\/\/www.velinac.hr\/shop\/kategorija-proizvoda\/stolovi\/\"},{\"@type\":\"ListItem\",\"position\":4,\"name\":\"Radni stol za bazni element Harmony 220\"}]},{\"@type\":\"WebSite\",\"@id\":\"https:\/\/www.velinac.hr\/shop\/#website\",\"url\":\"https:\/\/www.velinac.hr\/shop\/\",\"name\":\"Velinac webshop\",\"description\":\"ured za Va\u0161 presti\u017e\",\"potentialAction\":[{\"@type\":\"SearchAction\",\"target\":{\"@type\":\"EntryPoint\",\"urlTemplate\":\"https:\/\/www.velinac.hr\/shop\/?s={search_term_string}\"},\"query-input\":\"required name=search_term_string\"}],\"inLanguage\":\"en-US\"}]}<\/script>\n<!-- \/ Yoast SEO plugin. -->","yoast_head_json":{"title":"Radni stol za bazni element Harmony 220 - Velinac webshop","robots":{"index":"index","follow":"follow","max-snippet":"max-snippet:-1","max-image-preview":"max-image-preview:large","max-video-preview":"max-video-preview:-1"},"canonical":"https:\/\/www.velinac.hr\/shop\/proizvodi\/radni-stol-bazni-element-harmony-220\/","og_locale":"en_US","og_type":"article","og_title":"Radni stol za bazni element Harmony 220 - Velinac webshop","og_description":"Radna plo\u010da stola te noge stola izra\u0111eni od iverala debljine 43 mm. Vezna plo\u010da izra\u0111ena od iverala debljine 36 mm.\u00a0 Prednja plo\u010da stola izra\u0111ena od iverala debljine 18 mm. Rubovi\u00a0 kantirani\u00a0 ABS rubnom trakom debljine 1 mm odnosno &hellip;","og_url":"https:\/\/www.velinac.hr\/shop\/proizvodi\/radni-stol-bazni-element-harmony-220\/","og_site_name":"Velinac webshop","article_modified_time":"2024-04-16T09:25:54+00:00","og_image":[{"width":1000,"height":1000,"url":"https:\/\/www.velinac.hr\/shop\/wp-content\/uploads\/2021\/03\/50020d_orah-0000.jpg","type":"image\/jpeg"}],"twitter_card":"summary_large_image","twitter_misc":{"Est. reading time":"1 minute"},"schema":{"@context":"https:\/\/schema.org","@graph":[{"@type":"WebPage","@id":"https:\/\/www.velinac.hr\/shop\/proizvodi\/radni-stol-bazni-element-harmony-220\/","url":"https:\/\/www.velinac.hr\/shop\/proizvodi\/radni-stol-bazni-element-harmony-220\/","name":"Radni stol za bazni element Harmony 220 - Velinac webshop","isPartOf":{"@id":"https:\/\/www.velinac.hr\/shop\/#website"},"primaryImageOfPage":{"@id":"https:\/\/www.velinac.hr\/shop\/proizvodi\/radni-stol-bazni-element-harmony-220\/#primaryimage"},"image":{"@id":"https:\/\/www.velinac.hr\/shop\/proizvodi\/radni-stol-bazni-element-harmony-220\/#primaryimage"},"thumbnailUrl":"https:\/\/www.velinac.hr\/shop\/wp-content\/uploads\/2021\/03\/50020d_orah-0000.jpg","datePublished":"2021-03-25T13:21:26+00:00","dateModified":"2024-04-16T09:25:54+00:00","breadcrumb":{"@id":"https:\/\/www.velinac.hr\/shop\/proizvodi\/radni-stol-bazni-element-harmony-220\/#breadcrumb"},"inLanguage":"en-US","potentialAction":[{"@type":"ReadAction","target":["https:\/\/www.velinac.hr\/shop\/proizvodi\/radni-stol-bazni-element-harmony-220\/"]}]},{"@type":"ImageObject","inLanguage":"en-US","@id":"https:\/\/www.velinac.hr\/shop\/proizvodi\/radni-stol-bazni-element-harmony-220\/#primaryimage","url":"https:\/\/www.velinac.hr\/shop\/wp-content\/uploads\/2021\/03\/50020d_orah-0000.jpg","contentUrl":"https:\/\/www.velinac.hr\/shop\/wp-content\/uploads\/2021\/03\/50020d_orah-0000.jpg","width":1000,"height":1000},{"@type":"BreadcrumbList","@id":"https:\/\/www.velinac.hr\/shop\/proizvodi\/radni-stol-bazni-element-harmony-220\/#breadcrumb","itemListElement":[{"@type":"ListItem","position":1,"name":"Po\u010detna stranica","item":"https:\/\/www.velinac.hr\/shop\/"},{"@type":"ListItem","position":2,"name":"Proizvodi","item":"https:\/\/www.velinac.hr\/shop\/proizvodi\/"},{"@type":"ListItem","position":3,"name":"Stolovi","item":"https:\/\/www.velinac.hr\/shop\/kategorija-proizvoda\/stolovi\/"},{"@type":"ListItem","position":4,"name":"Radni stol za bazni element Harmony 220"}]},{"@type":"WebSite","@id":"https:\/\/www.velinac.hr\/shop\/#website","url":"https:\/\/www.velinac.hr\/shop\/","name":"Velinac webshop","description":"ured za Va\u0161 presti\u017e","potentialAction":[{"@type":"SearchAction","target":{"@type":"EntryPoint","urlTemplate":"https:\/\/www.velinac.hr\/shop\/?s={search_term_string}"},"query-input":"required name=search_term_string"}],"inLanguage":"en-US"}]}},"_links":{"self":[{"href":"https:\/\/www.velinac.hr\/shop\/wp-json\/wp\/v2\/product\/15094"}],"collection":[{"href":"https:\/\/www.velinac.hr\/shop\/wp-json\/wp\/v2\/product"}],"about":[{"href":"https:\/\/www.velinac.hr\/shop\/wp-json\/wp\/v2\/types\/product"}],"replies":[{"embeddable":true,"href":"https:\/\/www.velinac.hr\/shop\/wp-json\/wp\/v2\/comments?post=15094"}],"wp:featuredmedia":[{"embeddable":true,"href":"https:\/\/www.velinac.hr\/shop\/wp-json\/wp\/v2\/media\/15077"}],"wp:attachment":[{"href":"https:\/\/www.velinac.hr\/shop\/wp-json\/wp\/v2\/media?parent=15094"}],"curies":[{"name":"wp","href":"https:\/\/api.w.org\/{rel}","templated":true}]}}