{"id":15104,"date":"2021-03-26T09:41:20","date_gmt":"2021-03-26T08:41:20","guid":{"rendered":"https:\/\/www.velinac.hr\/shop\/?post_type=product&#038;p=15104"},"modified":"2024-04-16T11:26:41","modified_gmt":"2024-04-16T09:26:41","slug":"bazni-element-radni-stol-harmony","status":"publish","type":"product","link":"https:\/\/www.velinac.hr\/shop\/proizvodi\/bazni-element-radni-stol-harmony\/","title":{"rendered":"Bazni element za radni stol Harmony"},"content":{"rendered":"<p>Bazni element za radne stolove sastavljen\u00a0 od elementa s 3 metabox ladice te elementa s kliznim vratima bez ru\u010dkica. Korpus i le\u0111a baznog elementa te fronte ladica izra\u0111eni od iverala debljine 18 mm. Rubovi kantirani ABS rubnom trakom 1 mm odnosno 0,5 mm.\u00a0 Ladice su opremljene bravicom za centralno zaklju\u010davanje te imaju ugra\u0111en \u201esoft closing\u201c sistem. Standardno kromirane ru\u010dkice.<\/p>\n<p>Mogu\u0107a \u201elijeva\u201c odnosno \u201edesna\u201c izvedba.<\/p>\n<p>Na fotografijama je prikazana \u201edesna\u201c izvedba.<\/p>\n","protected":false},"excerpt":{"rendered":"<p>Bazni element za radne stolove sastavljen\u00a0 od elementa s 3 metabox ladice te elementa s kliznim vratima bez ru\u010dkica. Korpus i le\u0111a baznog elementa te fronte ladica izra\u0111eni od iverala debljine 18 mm. Rubovi kantirani ABS rubnom trakom &hellip;<\/p>\n","protected":false},"featured_media":15113,"comment_status":"open","ping_status":"closed","template":"","meta":{"_acf_changed":false},"acf":[],"yoast_head":"<!-- This site is optimized with the Yoast SEO plugin v22.8 - https:\/\/yoast.com\/wordpress\/plugins\/seo\/ -->\n<title>Bazni element za radni stol Harmony - Velinac webshop<\/title>\n<meta name=\"robots\" content=\"index, follow, max-snippet:-1, max-image-preview:large, max-video-preview:-1\" \/>\n<link rel=\"canonical\" href=\"https:\/\/www.velinac.hr\/shop\/proizvodi\/bazni-element-radni-stol-harmony\/\" \/>\n<meta property=\"og:locale\" content=\"en_US\" \/>\n<meta property=\"og:type\" content=\"article\" \/>\n<meta property=\"og:title\" content=\"Bazni element za radni stol Harmony - Velinac webshop\" \/>\n<meta property=\"og:description\" content=\"Bazni element za radne stolove sastavljen\u00a0 od elementa s 3 metabox ladice te elementa s kliznim vratima bez ru\u010dkica. Korpus i le\u0111a baznog elementa te fronte ladica izra\u0111eni od iverala debljine 18 mm. Rubovi kantirani ABS rubnom trakom &hellip;\" \/>\n<meta property=\"og:url\" content=\"https:\/\/www.velinac.hr\/shop\/proizvodi\/bazni-element-radni-stol-harmony\/\" \/>\n<meta property=\"og:site_name\" content=\"Velinac webshop\" \/>\n<meta property=\"article:modified_time\" content=\"2024-04-16T09:26:41+00:00\" \/>\n<meta property=\"og:image\" content=\"https:\/\/www.velinac.hr\/shop\/wp-content\/uploads\/2021\/03\/50022d_orah-0000.jpg\" \/>\n\t<meta property=\"og:image:width\" content=\"1000\" \/>\n\t<meta property=\"og:image:height\" content=\"1000\" \/>\n\t<meta property=\"og:image:type\" content=\"image\/jpeg\" \/>\n<meta name=\"twitter:card\" content=\"summary_large_image\" \/>\n<script type=\"application\/ld+json\" class=\"yoast-schema-graph\">{\"@context\":\"https:\/\/schema.org\",\"@graph\":[{\"@type\":\"WebPage\",\"@id\":\"https:\/\/www.velinac.hr\/shop\/proizvodi\/bazni-element-radni-stol-harmony\/\",\"url\":\"https:\/\/www.velinac.hr\/shop\/proizvodi\/bazni-element-radni-stol-harmony\/\",\"name\":\"Bazni element za radni stol Harmony - Velinac webshop\",\"isPartOf\":{\"@id\":\"https:\/\/www.velinac.hr\/shop\/#website\"},\"primaryImageOfPage\":{\"@id\":\"https:\/\/www.velinac.hr\/shop\/proizvodi\/bazni-element-radni-stol-harmony\/#primaryimage\"},\"image\":{\"@id\":\"https:\/\/www.velinac.hr\/shop\/proizvodi\/bazni-element-radni-stol-harmony\/#primaryimage\"},\"thumbnailUrl\":\"https:\/\/www.velinac.hr\/shop\/wp-content\/uploads\/2021\/03\/50022d_orah-0000.jpg\",\"datePublished\":\"2021-03-26T08:41:20+00:00\",\"dateModified\":\"2024-04-16T09:26:41+00:00\",\"breadcrumb\":{\"@id\":\"https:\/\/www.velinac.hr\/shop\/proizvodi\/bazni-element-radni-stol-harmony\/#breadcrumb\"},\"inLanguage\":\"en-US\",\"potentialAction\":[{\"@type\":\"ReadAction\",\"target\":[\"https:\/\/www.velinac.hr\/shop\/proizvodi\/bazni-element-radni-stol-harmony\/\"]}]},{\"@type\":\"ImageObject\",\"inLanguage\":\"en-US\",\"@id\":\"https:\/\/www.velinac.hr\/shop\/proizvodi\/bazni-element-radni-stol-harmony\/#primaryimage\",\"url\":\"https:\/\/www.velinac.hr\/shop\/wp-content\/uploads\/2021\/03\/50022d_orah-0000.jpg\",\"contentUrl\":\"https:\/\/www.velinac.hr\/shop\/wp-content\/uploads\/2021\/03\/50022d_orah-0000.jpg\",\"width\":1000,\"height\":1000},{\"@type\":\"BreadcrumbList\",\"@id\":\"https:\/\/www.velinac.hr\/shop\/proizvodi\/bazni-element-radni-stol-harmony\/#breadcrumb\",\"itemListElement\":[{\"@type\":\"ListItem\",\"position\":1,\"name\":\"Po\u010detna stranica\",\"item\":\"https:\/\/www.velinac.hr\/shop\/\"},{\"@type\":\"ListItem\",\"position\":2,\"name\":\"Proizvodi\",\"item\":\"https:\/\/www.velinac.hr\/shop\/proizvodi\/\"},{\"@type\":\"ListItem\",\"position\":3,\"name\":\"Stolovi\",\"item\":\"https:\/\/www.velinac.hr\/shop\/kategorija-proizvoda\/stolovi\/\"},{\"@type\":\"ListItem\",\"position\":4,\"name\":\"Bazni element za radni stol Harmony\"}]},{\"@type\":\"WebSite\",\"@id\":\"https:\/\/www.velinac.hr\/shop\/#website\",\"url\":\"https:\/\/www.velinac.hr\/shop\/\",\"name\":\"Velinac webshop\",\"description\":\"ured za Va\u0161 presti\u017e\",\"potentialAction\":[{\"@type\":\"SearchAction\",\"target\":{\"@type\":\"EntryPoint\",\"urlTemplate\":\"https:\/\/www.velinac.hr\/shop\/?s={search_term_string}\"},\"query-input\":\"required name=search_term_string\"}],\"inLanguage\":\"en-US\"}]}<\/script>\n<!-- \/ Yoast SEO plugin. -->","yoast_head_json":{"title":"Bazni element za radni stol Harmony - Velinac webshop","robots":{"index":"index","follow":"follow","max-snippet":"max-snippet:-1","max-image-preview":"max-image-preview:large","max-video-preview":"max-video-preview:-1"},"canonical":"https:\/\/www.velinac.hr\/shop\/proizvodi\/bazni-element-radni-stol-harmony\/","og_locale":"en_US","og_type":"article","og_title":"Bazni element za radni stol Harmony - Velinac webshop","og_description":"Bazni element za radne stolove sastavljen\u00a0 od elementa s 3 metabox ladice te elementa s kliznim vratima bez ru\u010dkica. Korpus i le\u0111a baznog elementa te fronte ladica izra\u0111eni od iverala debljine 18 mm. Rubovi kantirani ABS rubnom trakom &hellip;","og_url":"https:\/\/www.velinac.hr\/shop\/proizvodi\/bazni-element-radni-stol-harmony\/","og_site_name":"Velinac webshop","article_modified_time":"2024-04-16T09:26:41+00:00","og_image":[{"width":1000,"height":1000,"url":"https:\/\/www.velinac.hr\/shop\/wp-content\/uploads\/2021\/03\/50022d_orah-0000.jpg","type":"image\/jpeg"}],"twitter_card":"summary_large_image","schema":{"@context":"https:\/\/schema.org","@graph":[{"@type":"WebPage","@id":"https:\/\/www.velinac.hr\/shop\/proizvodi\/bazni-element-radni-stol-harmony\/","url":"https:\/\/www.velinac.hr\/shop\/proizvodi\/bazni-element-radni-stol-harmony\/","name":"Bazni element za radni stol Harmony - Velinac webshop","isPartOf":{"@id":"https:\/\/www.velinac.hr\/shop\/#website"},"primaryImageOfPage":{"@id":"https:\/\/www.velinac.hr\/shop\/proizvodi\/bazni-element-radni-stol-harmony\/#primaryimage"},"image":{"@id":"https:\/\/www.velinac.hr\/shop\/proizvodi\/bazni-element-radni-stol-harmony\/#primaryimage"},"thumbnailUrl":"https:\/\/www.velinac.hr\/shop\/wp-content\/uploads\/2021\/03\/50022d_orah-0000.jpg","datePublished":"2021-03-26T08:41:20+00:00","dateModified":"2024-04-16T09:26:41+00:00","breadcrumb":{"@id":"https:\/\/www.velinac.hr\/shop\/proizvodi\/bazni-element-radni-stol-harmony\/#breadcrumb"},"inLanguage":"en-US","potentialAction":[{"@type":"ReadAction","target":["https:\/\/www.velinac.hr\/shop\/proizvodi\/bazni-element-radni-stol-harmony\/"]}]},{"@type":"ImageObject","inLanguage":"en-US","@id":"https:\/\/www.velinac.hr\/shop\/proizvodi\/bazni-element-radni-stol-harmony\/#primaryimage","url":"https:\/\/www.velinac.hr\/shop\/wp-content\/uploads\/2021\/03\/50022d_orah-0000.jpg","contentUrl":"https:\/\/www.velinac.hr\/shop\/wp-content\/uploads\/2021\/03\/50022d_orah-0000.jpg","width":1000,"height":1000},{"@type":"BreadcrumbList","@id":"https:\/\/www.velinac.hr\/shop\/proizvodi\/bazni-element-radni-stol-harmony\/#breadcrumb","itemListElement":[{"@type":"ListItem","position":1,"name":"Po\u010detna stranica","item":"https:\/\/www.velinac.hr\/shop\/"},{"@type":"ListItem","position":2,"name":"Proizvodi","item":"https:\/\/www.velinac.hr\/shop\/proizvodi\/"},{"@type":"ListItem","position":3,"name":"Stolovi","item":"https:\/\/www.velinac.hr\/shop\/kategorija-proizvoda\/stolovi\/"},{"@type":"ListItem","position":4,"name":"Bazni element za radni stol Harmony"}]},{"@type":"WebSite","@id":"https:\/\/www.velinac.hr\/shop\/#website","url":"https:\/\/www.velinac.hr\/shop\/","name":"Velinac webshop","description":"ured za Va\u0161 presti\u017e","potentialAction":[{"@type":"SearchAction","target":{"@type":"EntryPoint","urlTemplate":"https:\/\/www.velinac.hr\/shop\/?s={search_term_string}"},"query-input":"required name=search_term_string"}],"inLanguage":"en-US"}]}},"_links":{"self":[{"href":"https:\/\/www.velinac.hr\/shop\/wp-json\/wp\/v2\/product\/15104"}],"collection":[{"href":"https:\/\/www.velinac.hr\/shop\/wp-json\/wp\/v2\/product"}],"about":[{"href":"https:\/\/www.velinac.hr\/shop\/wp-json\/wp\/v2\/types\/product"}],"replies":[{"embeddable":true,"href":"https:\/\/www.velinac.hr\/shop\/wp-json\/wp\/v2\/comments?post=15104"}],"wp:featuredmedia":[{"embeddable":true,"href":"https:\/\/www.velinac.hr\/shop\/wp-json\/wp\/v2\/media\/15113"}],"wp:attachment":[{"href":"https:\/\/www.velinac.hr\/shop\/wp-json\/wp\/v2\/media?parent=15104"}],"curies":[{"name":"wp","href":"https:\/\/api.w.org\/{rel}","templated":true}]}}