{"id":757,"date":"2016-11-02T14:00:39","date_gmt":"2016-11-02T14:00:39","guid":{"rendered":"http:\/\/projekti.euroart93.hr\/velinac-webshop\/proizvodi\/iveral-pregrada-za-radni-stol\/"},"modified":"2024-04-16T11:16:35","modified_gmt":"2024-04-16T09:16:35","slug":"iveral-pregrada-za-radni-stol","status":"publish","type":"product","link":"https:\/\/www.velinac.hr\/shop\/proizvodi\/iveral-pregrada-za-radni-stol\/","title":{"rendered":"Iveral pregrada za radni stol"},"content":{"rendered":"<p>Pregrada kao za\u0161tita od pogleda \u0161irine 44 cm, du\u017eine po izboru prilago\u0111eno du\u017eini radnog stola na koji se montira,\u00a0 izra\u0111ena od iverala debljine 18 mm. Rubovi\u00a0 kantirani\u00a0 ABS rubnom trakom. Predvi\u0111ena za monta\u017eu na 1 radni stol kao prednja ili bo\u010dna pregrada, pomo\u0107u 2 odnosno 3 metalna nosa\u010da, ovisno o du\u017eini stola.<\/p>\n","protected":false},"excerpt":{"rendered":"<p>Pregrada kao za\u0161tita od pogleda \u0161irine 44 cm, du\u017eine po izboru prilago\u0111eno du\u017eini radnog stola na koji se montira,\u00a0 izra\u0111ena od iverala debljine 18 mm. Rubovi\u00a0 kantirani\u00a0 ABS rubnom trakom. Predvi\u0111ena za monta\u017eu na 1 radni stol kao &hellip;<\/p>\n","protected":false},"featured_media":755,"comment_status":"open","ping_status":"closed","template":"","meta":{"_acf_changed":false},"acf":[],"yoast_head":"<!-- This site is optimized with the Yoast SEO plugin v22.8 - https:\/\/yoast.com\/wordpress\/plugins\/seo\/ -->\n<title>Iveral pregrada za radni stol - Velinac webshop<\/title>\n<meta name=\"robots\" content=\"index, follow, max-snippet:-1, max-image-preview:large, max-video-preview:-1\" \/>\n<link rel=\"canonical\" href=\"https:\/\/www.velinac.hr\/shop\/proizvodi\/iveral-pregrada-za-radni-stol\/\" \/>\n<meta property=\"og:locale\" content=\"en_US\" \/>\n<meta property=\"og:type\" content=\"article\" \/>\n<meta property=\"og:title\" content=\"Iveral pregrada za radni stol - Velinac webshop\" \/>\n<meta property=\"og:description\" content=\"Pregrada kao za\u0161tita od pogleda \u0161irine 44 cm, du\u017eine po izboru prilago\u0111eno du\u017eini radnog stola na koji se montira,\u00a0 izra\u0111ena od iverala debljine 18 mm. Rubovi\u00a0 kantirani\u00a0 ABS rubnom trakom. Predvi\u0111ena za monta\u017eu na 1 radni stol kao &hellip;\" \/>\n<meta property=\"og:url\" content=\"https:\/\/www.velinac.hr\/shop\/proizvodi\/iveral-pregrada-za-radni-stol\/\" \/>\n<meta property=\"og:site_name\" content=\"Velinac webshop\" \/>\n<meta property=\"article:modified_time\" content=\"2024-04-16T09:16:35+00:00\" \/>\n<meta property=\"og:image\" content=\"https:\/\/www.velinac.hr\/shop\/wp-content\/uploads\/2016\/11\/27_trend_bukva-0000.jpg\" \/>\n\t<meta property=\"og:image:width\" content=\"1000\" \/>\n\t<meta property=\"og:image:height\" content=\"1000\" \/>\n\t<meta property=\"og:image:type\" content=\"image\/jpeg\" \/>\n<meta name=\"twitter:card\" content=\"summary_large_image\" \/>\n<script type=\"application\/ld+json\" class=\"yoast-schema-graph\">{\"@context\":\"https:\/\/schema.org\",\"@graph\":[{\"@type\":\"WebPage\",\"@id\":\"https:\/\/www.velinac.hr\/shop\/proizvodi\/iveral-pregrada-za-radni-stol\/\",\"url\":\"https:\/\/www.velinac.hr\/shop\/proizvodi\/iveral-pregrada-za-radni-stol\/\",\"name\":\"Iveral pregrada za radni stol - Velinac webshop\",\"isPartOf\":{\"@id\":\"https:\/\/www.velinac.hr\/shop\/#website\"},\"primaryImageOfPage\":{\"@id\":\"https:\/\/www.velinac.hr\/shop\/proizvodi\/iveral-pregrada-za-radni-stol\/#primaryimage\"},\"image\":{\"@id\":\"https:\/\/www.velinac.hr\/shop\/proizvodi\/iveral-pregrada-za-radni-stol\/#primaryimage\"},\"thumbnailUrl\":\"https:\/\/www.velinac.hr\/shop\/wp-content\/uploads\/2016\/11\/27_trend_bukva-0000.jpg\",\"datePublished\":\"2016-11-02T14:00:39+00:00\",\"dateModified\":\"2024-04-16T09:16:35+00:00\",\"breadcrumb\":{\"@id\":\"https:\/\/www.velinac.hr\/shop\/proizvodi\/iveral-pregrada-za-radni-stol\/#breadcrumb\"},\"inLanguage\":\"en-US\",\"potentialAction\":[{\"@type\":\"ReadAction\",\"target\":[\"https:\/\/www.velinac.hr\/shop\/proizvodi\/iveral-pregrada-za-radni-stol\/\"]}]},{\"@type\":\"ImageObject\",\"inLanguage\":\"en-US\",\"@id\":\"https:\/\/www.velinac.hr\/shop\/proizvodi\/iveral-pregrada-za-radni-stol\/#primaryimage\",\"url\":\"https:\/\/www.velinac.hr\/shop\/wp-content\/uploads\/2016\/11\/27_trend_bukva-0000.jpg\",\"contentUrl\":\"https:\/\/www.velinac.hr\/shop\/wp-content\/uploads\/2016\/11\/27_trend_bukva-0000.jpg\",\"width\":1000,\"height\":1000},{\"@type\":\"BreadcrumbList\",\"@id\":\"https:\/\/www.velinac.hr\/shop\/proizvodi\/iveral-pregrada-za-radni-stol\/#breadcrumb\",\"itemListElement\":[{\"@type\":\"ListItem\",\"position\":1,\"name\":\"Po\u010detna stranica\",\"item\":\"https:\/\/www.velinac.hr\/shop\/\"},{\"@type\":\"ListItem\",\"position\":2,\"name\":\"Proizvodi\",\"item\":\"https:\/\/www.velinac.hr\/shop\/proizvodi\/\"},{\"@type\":\"ListItem\",\"position\":3,\"name\":\"Stolovi\",\"item\":\"https:\/\/www.velinac.hr\/shop\/kategorija-proizvoda\/stolovi\/\"},{\"@type\":\"ListItem\",\"position\":4,\"name\":\"Dodaci za stolove\",\"item\":\"https:\/\/www.velinac.hr\/shop\/kategorija-proizvoda\/stolovi\/dodaci-za-stolove\/\"},{\"@type\":\"ListItem\",\"position\":5,\"name\":\"Iveral pregrada za radni stol\"}]},{\"@type\":\"WebSite\",\"@id\":\"https:\/\/www.velinac.hr\/shop\/#website\",\"url\":\"https:\/\/www.velinac.hr\/shop\/\",\"name\":\"Velinac webshop\",\"description\":\"ured za Va\u0161 presti\u017e\",\"potentialAction\":[{\"@type\":\"SearchAction\",\"target\":{\"@type\":\"EntryPoint\",\"urlTemplate\":\"https:\/\/www.velinac.hr\/shop\/?s={search_term_string}\"},\"query-input\":\"required name=search_term_string\"}],\"inLanguage\":\"en-US\"}]}<\/script>\n<!-- \/ Yoast SEO plugin. -->","yoast_head_json":{"title":"Iveral pregrada za radni stol - Velinac webshop","robots":{"index":"index","follow":"follow","max-snippet":"max-snippet:-1","max-image-preview":"max-image-preview:large","max-video-preview":"max-video-preview:-1"},"canonical":"https:\/\/www.velinac.hr\/shop\/proizvodi\/iveral-pregrada-za-radni-stol\/","og_locale":"en_US","og_type":"article","og_title":"Iveral pregrada za radni stol - Velinac webshop","og_description":"Pregrada kao za\u0161tita od pogleda \u0161irine 44 cm, du\u017eine po izboru prilago\u0111eno du\u017eini radnog stola na koji se montira,\u00a0 izra\u0111ena od iverala debljine 18 mm. Rubovi\u00a0 kantirani\u00a0 ABS rubnom trakom. Predvi\u0111ena za monta\u017eu na 1 radni stol kao &hellip;","og_url":"https:\/\/www.velinac.hr\/shop\/proizvodi\/iveral-pregrada-za-radni-stol\/","og_site_name":"Velinac webshop","article_modified_time":"2024-04-16T09:16:35+00:00","og_image":[{"width":1000,"height":1000,"url":"https:\/\/www.velinac.hr\/shop\/wp-content\/uploads\/2016\/11\/27_trend_bukva-0000.jpg","type":"image\/jpeg"}],"twitter_card":"summary_large_image","schema":{"@context":"https:\/\/schema.org","@graph":[{"@type":"WebPage","@id":"https:\/\/www.velinac.hr\/shop\/proizvodi\/iveral-pregrada-za-radni-stol\/","url":"https:\/\/www.velinac.hr\/shop\/proizvodi\/iveral-pregrada-za-radni-stol\/","name":"Iveral pregrada za radni stol - Velinac webshop","isPartOf":{"@id":"https:\/\/www.velinac.hr\/shop\/#website"},"primaryImageOfPage":{"@id":"https:\/\/www.velinac.hr\/shop\/proizvodi\/iveral-pregrada-za-radni-stol\/#primaryimage"},"image":{"@id":"https:\/\/www.velinac.hr\/shop\/proizvodi\/iveral-pregrada-za-radni-stol\/#primaryimage"},"thumbnailUrl":"https:\/\/www.velinac.hr\/shop\/wp-content\/uploads\/2016\/11\/27_trend_bukva-0000.jpg","datePublished":"2016-11-02T14:00:39+00:00","dateModified":"2024-04-16T09:16:35+00:00","breadcrumb":{"@id":"https:\/\/www.velinac.hr\/shop\/proizvodi\/iveral-pregrada-za-radni-stol\/#breadcrumb"},"inLanguage":"en-US","potentialAction":[{"@type":"ReadAction","target":["https:\/\/www.velinac.hr\/shop\/proizvodi\/iveral-pregrada-za-radni-stol\/"]}]},{"@type":"ImageObject","inLanguage":"en-US","@id":"https:\/\/www.velinac.hr\/shop\/proizvodi\/iveral-pregrada-za-radni-stol\/#primaryimage","url":"https:\/\/www.velinac.hr\/shop\/wp-content\/uploads\/2016\/11\/27_trend_bukva-0000.jpg","contentUrl":"https:\/\/www.velinac.hr\/shop\/wp-content\/uploads\/2016\/11\/27_trend_bukva-0000.jpg","width":1000,"height":1000},{"@type":"BreadcrumbList","@id":"https:\/\/www.velinac.hr\/shop\/proizvodi\/iveral-pregrada-za-radni-stol\/#breadcrumb","itemListElement":[{"@type":"ListItem","position":1,"name":"Po\u010detna stranica","item":"https:\/\/www.velinac.hr\/shop\/"},{"@type":"ListItem","position":2,"name":"Proizvodi","item":"https:\/\/www.velinac.hr\/shop\/proizvodi\/"},{"@type":"ListItem","position":3,"name":"Stolovi","item":"https:\/\/www.velinac.hr\/shop\/kategorija-proizvoda\/stolovi\/"},{"@type":"ListItem","position":4,"name":"Dodaci za stolove","item":"https:\/\/www.velinac.hr\/shop\/kategorija-proizvoda\/stolovi\/dodaci-za-stolove\/"},{"@type":"ListItem","position":5,"name":"Iveral pregrada za radni stol"}]},{"@type":"WebSite","@id":"https:\/\/www.velinac.hr\/shop\/#website","url":"https:\/\/www.velinac.hr\/shop\/","name":"Velinac webshop","description":"ured za Va\u0161 presti\u017e","potentialAction":[{"@type":"SearchAction","target":{"@type":"EntryPoint","urlTemplate":"https:\/\/www.velinac.hr\/shop\/?s={search_term_string}"},"query-input":"required name=search_term_string"}],"inLanguage":"en-US"}]}},"_links":{"self":[{"href":"https:\/\/www.velinac.hr\/shop\/wp-json\/wp\/v2\/product\/757"}],"collection":[{"href":"https:\/\/www.velinac.hr\/shop\/wp-json\/wp\/v2\/product"}],"about":[{"href":"https:\/\/www.velinac.hr\/shop\/wp-json\/wp\/v2\/types\/product"}],"replies":[{"embeddable":true,"href":"https:\/\/www.velinac.hr\/shop\/wp-json\/wp\/v2\/comments?post=757"}],"wp:featuredmedia":[{"embeddable":true,"href":"https:\/\/www.velinac.hr\/shop\/wp-json\/wp\/v2\/media\/755"}],"wp:attachment":[{"href":"https:\/\/www.velinac.hr\/shop\/wp-json\/wp\/v2\/media?parent=757"}],"curies":[{"name":"wp","href":"https:\/\/api.w.org\/{rel}","templated":true}]}}