{"id":780,"date":"2016-11-03T09:47:23","date_gmt":"2016-11-03T09:47:23","guid":{"rendered":"http:\/\/projekti.euroart93.hr\/velinac-webshop\/proizvodi\/nosac-racunala-trend-metal-light\/"},"modified":"2024-03-11T11:34:49","modified_gmt":"2024-03-11T10:34:49","slug":"nosac-racunala-trend-metal-light","status":"publish","type":"product","link":"https:\/\/www.velinac.hr\/shop\/proizvodi\/nosac-racunala-trend-metal-light\/","title":{"rendered":"Nosa\u010d ra\u010dunala Trend Metal Light"},"content":{"rendered":"<p>Fiksni nosa\u010d ku\u0107i\u0161ta ra\u010dunala predvi\u0111en za monta\u017eu na metalnu nogu radnog ili daktilo stola.<\/p>\n","protected":false},"excerpt":{"rendered":"<p>Fiksni nosa\u010d ku\u0107i\u0161ta ra\u010dunala predvi\u0111en za monta\u017eu na metalnu nogu radnog ili daktilo stola.<\/p>\n","protected":false},"featured_media":778,"comment_status":"open","ping_status":"closed","template":"","meta":{"_acf_changed":false},"acf":[],"yoast_head":"<!-- This site is optimized with the Yoast SEO plugin v22.8 - https:\/\/yoast.com\/wordpress\/plugins\/seo\/ -->\n<title>Nosa\u010d ra\u010dunala Trend Metal Light - Velinac webshop<\/title>\n<meta name=\"robots\" content=\"index, follow, max-snippet:-1, max-image-preview:large, max-video-preview:-1\" \/>\n<link rel=\"canonical\" href=\"https:\/\/www.velinac.hr\/shop\/proizvodi\/nosac-racunala-trend-metal-light\/\" \/>\n<meta property=\"og:locale\" content=\"en_US\" \/>\n<meta property=\"og:type\" content=\"article\" \/>\n<meta property=\"og:title\" content=\"Nosa\u010d ra\u010dunala Trend Metal Light - Velinac webshop\" \/>\n<meta property=\"og:description\" content=\"Fiksni nosa\u010d ku\u0107i\u0161ta ra\u010dunala predvi\u0111en za monta\u017eu na metalnu nogu radnog ili daktilo stola.\" \/>\n<meta property=\"og:url\" content=\"https:\/\/www.velinac.hr\/shop\/proizvodi\/nosac-racunala-trend-metal-light\/\" \/>\n<meta property=\"og:site_name\" content=\"Velinac webshop\" \/>\n<meta property=\"article:modified_time\" content=\"2024-03-11T10:34:49+00:00\" \/>\n<meta property=\"og:image\" content=\"https:\/\/www.velinac.hr\/shop\/wp-content\/uploads\/2016\/11\/32_trend_siva.jpg\" \/>\n\t<meta property=\"og:image:width\" content=\"1000\" \/>\n\t<meta property=\"og:image:height\" content=\"1000\" \/>\n\t<meta property=\"og:image:type\" content=\"image\/jpeg\" \/>\n<meta name=\"twitter:card\" content=\"summary_large_image\" \/>\n<script type=\"application\/ld+json\" class=\"yoast-schema-graph\">{\"@context\":\"https:\/\/schema.org\",\"@graph\":[{\"@type\":\"WebPage\",\"@id\":\"https:\/\/www.velinac.hr\/shop\/proizvodi\/nosac-racunala-trend-metal-light\/\",\"url\":\"https:\/\/www.velinac.hr\/shop\/proizvodi\/nosac-racunala-trend-metal-light\/\",\"name\":\"Nosa\u010d ra\u010dunala Trend Metal Light - Velinac webshop\",\"isPartOf\":{\"@id\":\"https:\/\/www.velinac.hr\/shop\/#website\"},\"primaryImageOfPage\":{\"@id\":\"https:\/\/www.velinac.hr\/shop\/proizvodi\/nosac-racunala-trend-metal-light\/#primaryimage\"},\"image\":{\"@id\":\"https:\/\/www.velinac.hr\/shop\/proizvodi\/nosac-racunala-trend-metal-light\/#primaryimage\"},\"thumbnailUrl\":\"https:\/\/www.velinac.hr\/shop\/wp-content\/uploads\/2016\/11\/32_trend_siva.jpg\",\"datePublished\":\"2016-11-03T09:47:23+00:00\",\"dateModified\":\"2024-03-11T10:34:49+00:00\",\"breadcrumb\":{\"@id\":\"https:\/\/www.velinac.hr\/shop\/proizvodi\/nosac-racunala-trend-metal-light\/#breadcrumb\"},\"inLanguage\":\"en-US\",\"potentialAction\":[{\"@type\":\"ReadAction\",\"target\":[\"https:\/\/www.velinac.hr\/shop\/proizvodi\/nosac-racunala-trend-metal-light\/\"]}]},{\"@type\":\"ImageObject\",\"inLanguage\":\"en-US\",\"@id\":\"https:\/\/www.velinac.hr\/shop\/proizvodi\/nosac-racunala-trend-metal-light\/#primaryimage\",\"url\":\"https:\/\/www.velinac.hr\/shop\/wp-content\/uploads\/2016\/11\/32_trend_siva.jpg\",\"contentUrl\":\"https:\/\/www.velinac.hr\/shop\/wp-content\/uploads\/2016\/11\/32_trend_siva.jpg\",\"width\":1000,\"height\":1000},{\"@type\":\"BreadcrumbList\",\"@id\":\"https:\/\/www.velinac.hr\/shop\/proizvodi\/nosac-racunala-trend-metal-light\/#breadcrumb\",\"itemListElement\":[{\"@type\":\"ListItem\",\"position\":1,\"name\":\"Po\u010detna stranica\",\"item\":\"https:\/\/www.velinac.hr\/shop\/\"},{\"@type\":\"ListItem\",\"position\":2,\"name\":\"Proizvodi\",\"item\":\"https:\/\/www.velinac.hr\/shop\/proizvodi\/\"},{\"@type\":\"ListItem\",\"position\":3,\"name\":\"Stolovi\",\"item\":\"https:\/\/www.velinac.hr\/shop\/kategorija-proizvoda\/stolovi\/\"},{\"@type\":\"ListItem\",\"position\":4,\"name\":\"Dodaci za stolove\",\"item\":\"https:\/\/www.velinac.hr\/shop\/kategorija-proizvoda\/stolovi\/dodaci-za-stolove\/\"},{\"@type\":\"ListItem\",\"position\":5,\"name\":\"Nosa\u010d ra\u010dunala Trend Metal Light\"}]},{\"@type\":\"WebSite\",\"@id\":\"https:\/\/www.velinac.hr\/shop\/#website\",\"url\":\"https:\/\/www.velinac.hr\/shop\/\",\"name\":\"Velinac webshop\",\"description\":\"ured za Va\u0161 presti\u017e\",\"potentialAction\":[{\"@type\":\"SearchAction\",\"target\":{\"@type\":\"EntryPoint\",\"urlTemplate\":\"https:\/\/www.velinac.hr\/shop\/?s={search_term_string}\"},\"query-input\":\"required name=search_term_string\"}],\"inLanguage\":\"en-US\"}]}<\/script>\n<!-- \/ Yoast SEO plugin. -->","yoast_head_json":{"title":"Nosa\u010d ra\u010dunala Trend Metal Light - Velinac webshop","robots":{"index":"index","follow":"follow","max-snippet":"max-snippet:-1","max-image-preview":"max-image-preview:large","max-video-preview":"max-video-preview:-1"},"canonical":"https:\/\/www.velinac.hr\/shop\/proizvodi\/nosac-racunala-trend-metal-light\/","og_locale":"en_US","og_type":"article","og_title":"Nosa\u010d ra\u010dunala Trend Metal Light - Velinac webshop","og_description":"Fiksni nosa\u010d ku\u0107i\u0161ta ra\u010dunala predvi\u0111en za monta\u017eu na metalnu nogu radnog ili daktilo stola.","og_url":"https:\/\/www.velinac.hr\/shop\/proizvodi\/nosac-racunala-trend-metal-light\/","og_site_name":"Velinac webshop","article_modified_time":"2024-03-11T10:34:49+00:00","og_image":[{"width":1000,"height":1000,"url":"https:\/\/www.velinac.hr\/shop\/wp-content\/uploads\/2016\/11\/32_trend_siva.jpg","type":"image\/jpeg"}],"twitter_card":"summary_large_image","schema":{"@context":"https:\/\/schema.org","@graph":[{"@type":"WebPage","@id":"https:\/\/www.velinac.hr\/shop\/proizvodi\/nosac-racunala-trend-metal-light\/","url":"https:\/\/www.velinac.hr\/shop\/proizvodi\/nosac-racunala-trend-metal-light\/","name":"Nosa\u010d ra\u010dunala Trend Metal Light - Velinac webshop","isPartOf":{"@id":"https:\/\/www.velinac.hr\/shop\/#website"},"primaryImageOfPage":{"@id":"https:\/\/www.velinac.hr\/shop\/proizvodi\/nosac-racunala-trend-metal-light\/#primaryimage"},"image":{"@id":"https:\/\/www.velinac.hr\/shop\/proizvodi\/nosac-racunala-trend-metal-light\/#primaryimage"},"thumbnailUrl":"https:\/\/www.velinac.hr\/shop\/wp-content\/uploads\/2016\/11\/32_trend_siva.jpg","datePublished":"2016-11-03T09:47:23+00:00","dateModified":"2024-03-11T10:34:49+00:00","breadcrumb":{"@id":"https:\/\/www.velinac.hr\/shop\/proizvodi\/nosac-racunala-trend-metal-light\/#breadcrumb"},"inLanguage":"en-US","potentialAction":[{"@type":"ReadAction","target":["https:\/\/www.velinac.hr\/shop\/proizvodi\/nosac-racunala-trend-metal-light\/"]}]},{"@type":"ImageObject","inLanguage":"en-US","@id":"https:\/\/www.velinac.hr\/shop\/proizvodi\/nosac-racunala-trend-metal-light\/#primaryimage","url":"https:\/\/www.velinac.hr\/shop\/wp-content\/uploads\/2016\/11\/32_trend_siva.jpg","contentUrl":"https:\/\/www.velinac.hr\/shop\/wp-content\/uploads\/2016\/11\/32_trend_siva.jpg","width":1000,"height":1000},{"@type":"BreadcrumbList","@id":"https:\/\/www.velinac.hr\/shop\/proizvodi\/nosac-racunala-trend-metal-light\/#breadcrumb","itemListElement":[{"@type":"ListItem","position":1,"name":"Po\u010detna stranica","item":"https:\/\/www.velinac.hr\/shop\/"},{"@type":"ListItem","position":2,"name":"Proizvodi","item":"https:\/\/www.velinac.hr\/shop\/proizvodi\/"},{"@type":"ListItem","position":3,"name":"Stolovi","item":"https:\/\/www.velinac.hr\/shop\/kategorija-proizvoda\/stolovi\/"},{"@type":"ListItem","position":4,"name":"Dodaci za stolove","item":"https:\/\/www.velinac.hr\/shop\/kategorija-proizvoda\/stolovi\/dodaci-za-stolove\/"},{"@type":"ListItem","position":5,"name":"Nosa\u010d ra\u010dunala Trend Metal Light"}]},{"@type":"WebSite","@id":"https:\/\/www.velinac.hr\/shop\/#website","url":"https:\/\/www.velinac.hr\/shop\/","name":"Velinac webshop","description":"ured za Va\u0161 presti\u017e","potentialAction":[{"@type":"SearchAction","target":{"@type":"EntryPoint","urlTemplate":"https:\/\/www.velinac.hr\/shop\/?s={search_term_string}"},"query-input":"required name=search_term_string"}],"inLanguage":"en-US"}]}},"_links":{"self":[{"href":"https:\/\/www.velinac.hr\/shop\/wp-json\/wp\/v2\/product\/780"}],"collection":[{"href":"https:\/\/www.velinac.hr\/shop\/wp-json\/wp\/v2\/product"}],"about":[{"href":"https:\/\/www.velinac.hr\/shop\/wp-json\/wp\/v2\/types\/product"}],"replies":[{"embeddable":true,"href":"https:\/\/www.velinac.hr\/shop\/wp-json\/wp\/v2\/comments?post=780"}],"wp:featuredmedia":[{"embeddable":true,"href":"https:\/\/www.velinac.hr\/shop\/wp-json\/wp\/v2\/media\/778"}],"wp:attachment":[{"href":"https:\/\/www.velinac.hr\/shop\/wp-json\/wp\/v2\/media?parent=780"}],"curies":[{"name":"wp","href":"https:\/\/api.w.org\/{rel}","templated":true}]}}