{"id":9106,"date":"2019-01-02T12:38:49","date_gmt":"2019-01-02T11:38:49","guid":{"rendered":"https:\/\/www.velinac.hr\/shop\/?post_type=product&#038;p=9106"},"modified":"2024-04-16T11:31:37","modified_gmt":"2024-04-16T09:31:37","slug":"daktilo-stol-infinity-operative","status":"publish","type":"product","link":"https:\/\/www.velinac.hr\/shop\/proizvodi\/daktilo-stol-infinity-operative\/","title":{"rendered":"Daktilo stol Infinity Operative"},"content":{"rendered":"<p>Radna plo\u010da stola izra\u0111ena od iverala debljine 25 mm. Rubovi kantirani ABS rubnom trakom debljine 2 mm. Metalne noge trokutastog presjeka izra\u0111ene od profila 50&#215;50 mm, plastificirane te povezane parom plastificiranih metalnih konzola. Visina stola mo\u017ee se nivelirati pomo\u0107u ugra\u0111enih no\u017eica za nivelaciju.<\/p>\n","protected":false},"excerpt":{"rendered":"<p>Radna plo\u010da stola izra\u0111ena od iverala debljine 25 mm. Rubovi kantirani ABS rubnom trakom debljine 2 mm. Metalne noge trokutastog presjeka izra\u0111ene od profila 50&#215;50 mm, plastificirane te povezane parom plastificiranih metalnih konzola. Visina stola mo\u017ee se nivelirati &hellip;<\/p>\n","protected":false},"featured_media":9121,"comment_status":"open","ping_status":"closed","template":"","meta":{"_acf_changed":false},"acf":[],"yoast_head":"<!-- This site is optimized with the Yoast SEO plugin v22.8 - https:\/\/yoast.com\/wordpress\/plugins\/seo\/ -->\n<title>Daktilo stol Infinity Operative - Velinac webshop<\/title>\n<meta name=\"robots\" content=\"index, follow, max-snippet:-1, max-image-preview:large, max-video-preview:-1\" \/>\n<link rel=\"canonical\" href=\"https:\/\/www.velinac.hr\/shop\/proizvodi\/daktilo-stol-infinity-operative\/\" \/>\n<meta property=\"og:locale\" content=\"en_US\" \/>\n<meta property=\"og:type\" content=\"article\" \/>\n<meta property=\"og:title\" content=\"Daktilo stol Infinity Operative - Velinac webshop\" \/>\n<meta property=\"og:description\" content=\"Radna plo\u010da stola izra\u0111ena od iverala debljine 25 mm. Rubovi kantirani ABS rubnom trakom debljine 2 mm. Metalne noge trokutastog presjeka izra\u0111ene od profila 50&#215;50 mm, plastificirane te povezane parom plastificiranih metalnih konzola. Visina stola mo\u017ee se nivelirati &hellip;\" \/>\n<meta property=\"og:url\" content=\"https:\/\/www.velinac.hr\/shop\/proizvodi\/daktilo-stol-infinity-operative\/\" \/>\n<meta property=\"og:site_name\" content=\"Velinac webshop\" \/>\n<meta property=\"article:modified_time\" content=\"2024-04-16T09:31:37+00:00\" \/>\n<meta property=\"og:image\" content=\"https:\/\/www.velinac.hr\/shop\/wp-content\/uploads\/2019\/01\/51051_javor-0000.png\" \/>\n\t<meta property=\"og:image:width\" content=\"1000\" \/>\n\t<meta property=\"og:image:height\" content=\"999\" \/>\n\t<meta property=\"og:image:type\" content=\"image\/png\" \/>\n<meta name=\"twitter:card\" content=\"summary_large_image\" \/>\n<script type=\"application\/ld+json\" class=\"yoast-schema-graph\">{\"@context\":\"https:\/\/schema.org\",\"@graph\":[{\"@type\":\"WebPage\",\"@id\":\"https:\/\/www.velinac.hr\/shop\/proizvodi\/daktilo-stol-infinity-operative\/\",\"url\":\"https:\/\/www.velinac.hr\/shop\/proizvodi\/daktilo-stol-infinity-operative\/\",\"name\":\"Daktilo stol Infinity Operative - Velinac webshop\",\"isPartOf\":{\"@id\":\"https:\/\/www.velinac.hr\/shop\/#website\"},\"primaryImageOfPage\":{\"@id\":\"https:\/\/www.velinac.hr\/shop\/proizvodi\/daktilo-stol-infinity-operative\/#primaryimage\"},\"image\":{\"@id\":\"https:\/\/www.velinac.hr\/shop\/proizvodi\/daktilo-stol-infinity-operative\/#primaryimage\"},\"thumbnailUrl\":\"https:\/\/www.velinac.hr\/shop\/wp-content\/uploads\/2019\/01\/51051_javor-0000.png\",\"datePublished\":\"2019-01-02T11:38:49+00:00\",\"dateModified\":\"2024-04-16T09:31:37+00:00\",\"breadcrumb\":{\"@id\":\"https:\/\/www.velinac.hr\/shop\/proizvodi\/daktilo-stol-infinity-operative\/#breadcrumb\"},\"inLanguage\":\"en-US\",\"potentialAction\":[{\"@type\":\"ReadAction\",\"target\":[\"https:\/\/www.velinac.hr\/shop\/proizvodi\/daktilo-stol-infinity-operative\/\"]}]},{\"@type\":\"ImageObject\",\"inLanguage\":\"en-US\",\"@id\":\"https:\/\/www.velinac.hr\/shop\/proizvodi\/daktilo-stol-infinity-operative\/#primaryimage\",\"url\":\"https:\/\/www.velinac.hr\/shop\/wp-content\/uploads\/2019\/01\/51051_javor-0000.png\",\"contentUrl\":\"https:\/\/www.velinac.hr\/shop\/wp-content\/uploads\/2019\/01\/51051_javor-0000.png\",\"width\":1000,\"height\":999},{\"@type\":\"BreadcrumbList\",\"@id\":\"https:\/\/www.velinac.hr\/shop\/proizvodi\/daktilo-stol-infinity-operative\/#breadcrumb\",\"itemListElement\":[{\"@type\":\"ListItem\",\"position\":1,\"name\":\"Po\u010detna stranica\",\"item\":\"https:\/\/www.velinac.hr\/shop\/\"},{\"@type\":\"ListItem\",\"position\":2,\"name\":\"Proizvodi\",\"item\":\"https:\/\/www.velinac.hr\/shop\/proizvodi\/\"},{\"@type\":\"ListItem\",\"position\":3,\"name\":\"Stolovi\",\"item\":\"https:\/\/www.velinac.hr\/shop\/kategorija-proizvoda\/stolovi\/\"},{\"@type\":\"ListItem\",\"position\":4,\"name\":\"Daktilo stol Infinity Operative\"}]},{\"@type\":\"WebSite\",\"@id\":\"https:\/\/www.velinac.hr\/shop\/#website\",\"url\":\"https:\/\/www.velinac.hr\/shop\/\",\"name\":\"Velinac webshop\",\"description\":\"ured za Va\u0161 presti\u017e\",\"potentialAction\":[{\"@type\":\"SearchAction\",\"target\":{\"@type\":\"EntryPoint\",\"urlTemplate\":\"https:\/\/www.velinac.hr\/shop\/?s={search_term_string}\"},\"query-input\":\"required name=search_term_string\"}],\"inLanguage\":\"en-US\"}]}<\/script>\n<!-- \/ Yoast SEO plugin. -->","yoast_head_json":{"title":"Daktilo stol Infinity Operative - Velinac webshop","robots":{"index":"index","follow":"follow","max-snippet":"max-snippet:-1","max-image-preview":"max-image-preview:large","max-video-preview":"max-video-preview:-1"},"canonical":"https:\/\/www.velinac.hr\/shop\/proizvodi\/daktilo-stol-infinity-operative\/","og_locale":"en_US","og_type":"article","og_title":"Daktilo stol Infinity Operative - Velinac webshop","og_description":"Radna plo\u010da stola izra\u0111ena od iverala debljine 25 mm. Rubovi kantirani ABS rubnom trakom debljine 2 mm. Metalne noge trokutastog presjeka izra\u0111ene od profila 50&#215;50 mm, plastificirane te povezane parom plastificiranih metalnih konzola. Visina stola mo\u017ee se nivelirati &hellip;","og_url":"https:\/\/www.velinac.hr\/shop\/proizvodi\/daktilo-stol-infinity-operative\/","og_site_name":"Velinac webshop","article_modified_time":"2024-04-16T09:31:37+00:00","og_image":[{"width":1000,"height":999,"url":"https:\/\/www.velinac.hr\/shop\/wp-content\/uploads\/2019\/01\/51051_javor-0000.png","type":"image\/png"}],"twitter_card":"summary_large_image","schema":{"@context":"https:\/\/schema.org","@graph":[{"@type":"WebPage","@id":"https:\/\/www.velinac.hr\/shop\/proizvodi\/daktilo-stol-infinity-operative\/","url":"https:\/\/www.velinac.hr\/shop\/proizvodi\/daktilo-stol-infinity-operative\/","name":"Daktilo stol Infinity Operative - Velinac webshop","isPartOf":{"@id":"https:\/\/www.velinac.hr\/shop\/#website"},"primaryImageOfPage":{"@id":"https:\/\/www.velinac.hr\/shop\/proizvodi\/daktilo-stol-infinity-operative\/#primaryimage"},"image":{"@id":"https:\/\/www.velinac.hr\/shop\/proizvodi\/daktilo-stol-infinity-operative\/#primaryimage"},"thumbnailUrl":"https:\/\/www.velinac.hr\/shop\/wp-content\/uploads\/2019\/01\/51051_javor-0000.png","datePublished":"2019-01-02T11:38:49+00:00","dateModified":"2024-04-16T09:31:37+00:00","breadcrumb":{"@id":"https:\/\/www.velinac.hr\/shop\/proizvodi\/daktilo-stol-infinity-operative\/#breadcrumb"},"inLanguage":"en-US","potentialAction":[{"@type":"ReadAction","target":["https:\/\/www.velinac.hr\/shop\/proizvodi\/daktilo-stol-infinity-operative\/"]}]},{"@type":"ImageObject","inLanguage":"en-US","@id":"https:\/\/www.velinac.hr\/shop\/proizvodi\/daktilo-stol-infinity-operative\/#primaryimage","url":"https:\/\/www.velinac.hr\/shop\/wp-content\/uploads\/2019\/01\/51051_javor-0000.png","contentUrl":"https:\/\/www.velinac.hr\/shop\/wp-content\/uploads\/2019\/01\/51051_javor-0000.png","width":1000,"height":999},{"@type":"BreadcrumbList","@id":"https:\/\/www.velinac.hr\/shop\/proizvodi\/daktilo-stol-infinity-operative\/#breadcrumb","itemListElement":[{"@type":"ListItem","position":1,"name":"Po\u010detna stranica","item":"https:\/\/www.velinac.hr\/shop\/"},{"@type":"ListItem","position":2,"name":"Proizvodi","item":"https:\/\/www.velinac.hr\/shop\/proizvodi\/"},{"@type":"ListItem","position":3,"name":"Stolovi","item":"https:\/\/www.velinac.hr\/shop\/kategorija-proizvoda\/stolovi\/"},{"@type":"ListItem","position":4,"name":"Daktilo stol Infinity Operative"}]},{"@type":"WebSite","@id":"https:\/\/www.velinac.hr\/shop\/#website","url":"https:\/\/www.velinac.hr\/shop\/","name":"Velinac webshop","description":"ured za Va\u0161 presti\u017e","potentialAction":[{"@type":"SearchAction","target":{"@type":"EntryPoint","urlTemplate":"https:\/\/www.velinac.hr\/shop\/?s={search_term_string}"},"query-input":"required name=search_term_string"}],"inLanguage":"en-US"}]}},"_links":{"self":[{"href":"https:\/\/www.velinac.hr\/shop\/wp-json\/wp\/v2\/product\/9106"}],"collection":[{"href":"https:\/\/www.velinac.hr\/shop\/wp-json\/wp\/v2\/product"}],"about":[{"href":"https:\/\/www.velinac.hr\/shop\/wp-json\/wp\/v2\/types\/product"}],"replies":[{"embeddable":true,"href":"https:\/\/www.velinac.hr\/shop\/wp-json\/wp\/v2\/comments?post=9106"}],"wp:featuredmedia":[{"embeddable":true,"href":"https:\/\/www.velinac.hr\/shop\/wp-json\/wp\/v2\/media\/9121"}],"wp:attachment":[{"href":"https:\/\/www.velinac.hr\/shop\/wp-json\/wp\/v2\/media?parent=9106"}],"curies":[{"name":"wp","href":"https:\/\/api.w.org\/{rel}","templated":true}]}}