{"id":9307,"date":"2019-01-04T09:23:56","date_gmt":"2019-01-04T08:23:56","guid":{"rendered":"https:\/\/www.velinac.hr\/shop\/?post_type=product&#038;p=9307"},"modified":"2024-03-11T14:24:18","modified_gmt":"2024-03-11T13:24:18","slug":"radni-stol-bazni-element-infinity-operative","status":"publish","type":"product","link":"https:\/\/www.velinac.hr\/shop\/proizvodi\/radni-stol-bazni-element-infinity-operative\/","title":{"rendered":"Radni stol za bazni element Infinity Operative"},"content":{"rendered":"<p>Radna plo\u010da stola izra\u0111ena od iverala debljine 25 mm. Rubovi kantirani ABS rubnom trakom debljine 2 mm. Metalne noge trokutastog presjeka izra\u0111ene od profila 50&#215;50 mm, plastificirane te povezane parom plastificiranih metalnih konzola. Stol se jednom stranom oslanja na bazni element. Visina stola mo\u017ee se nivelirati pomo\u0107u ugra\u0111enih no\u017eica za nivelaciju ugra\u0111enih na nogu stola te na bazni element.<\/p>\n<p>Kod radnih stolova za bazni element postoje \u201clijevi\u201d i \u201cdesni\u201d stolovi. \u201cLijevi\u201d stol ozna\u010dava da se bazni element nalazi sa lijeve strane dok sjedimo za stolom, te sukladno tome \u201cdesni\u201d stol ozna\u010dava da se bazni element nalazi sa desne strane dok sjedimo za stolom.<br \/>\nNa fotografijama su prikazani \u201cdesni\u201d stolovi.<\/p>\n","protected":false},"excerpt":{"rendered":"<p>Radna plo\u010da stola izra\u0111ena od iverala debljine 25 mm. Rubovi kantirani ABS rubnom trakom debljine 2 mm. Metalne noge trokutastog presjeka izra\u0111ene od profila 50&#215;50 mm, plastificirane te povezane parom plastificiranih metalnih konzola. Stol se jednom stranom oslanja &hellip;<\/p>\n","protected":false},"featured_media":9301,"comment_status":"open","ping_status":"closed","template":"","meta":{"_acf_changed":false},"acf":[],"yoast_head":"<!-- This site is optimized with the Yoast SEO plugin v22.8 - https:\/\/yoast.com\/wordpress\/plugins\/seo\/ -->\n<title>Radni stol za bazni element Infinity Operative - Velinac webshop<\/title>\n<meta name=\"robots\" content=\"index, follow, max-snippet:-1, max-image-preview:large, max-video-preview:-1\" \/>\n<link rel=\"canonical\" href=\"https:\/\/www.velinac.hr\/shop\/proizvodi\/radni-stol-bazni-element-infinity-operative\/\" \/>\n<meta property=\"og:locale\" content=\"en_US\" \/>\n<meta property=\"og:type\" content=\"article\" \/>\n<meta property=\"og:title\" content=\"Radni stol za bazni element Infinity Operative - Velinac webshop\" \/>\n<meta property=\"og:description\" content=\"Radna plo\u010da stola izra\u0111ena od iverala debljine 25 mm. Rubovi kantirani ABS rubnom trakom debljine 2 mm. Metalne noge trokutastog presjeka izra\u0111ene od profila 50&#215;50 mm, plastificirane te povezane parom plastificiranih metalnih konzola. Stol se jednom stranom oslanja &hellip;\" \/>\n<meta property=\"og:url\" content=\"https:\/\/www.velinac.hr\/shop\/proizvodi\/radni-stol-bazni-element-infinity-operative\/\" \/>\n<meta property=\"og:site_name\" content=\"Velinac webshop\" \/>\n<meta property=\"article:modified_time\" content=\"2024-03-11T13:24:18+00:00\" \/>\n<meta property=\"og:image\" content=\"https:\/\/www.velinac.hr\/shop\/wp-content\/uploads\/2019\/01\/51021_javor-0000.png\" \/>\n\t<meta property=\"og:image:width\" content=\"1000\" \/>\n\t<meta property=\"og:image:height\" content=\"1000\" \/>\n\t<meta property=\"og:image:type\" content=\"image\/png\" \/>\n<meta name=\"twitter:card\" content=\"summary_large_image\" \/>\n<meta name=\"twitter:label1\" content=\"Est. reading time\" \/>\n\t<meta name=\"twitter:data1\" content=\"1 minute\" \/>\n<script type=\"application\/ld+json\" class=\"yoast-schema-graph\">{\"@context\":\"https:\/\/schema.org\",\"@graph\":[{\"@type\":\"WebPage\",\"@id\":\"https:\/\/www.velinac.hr\/shop\/proizvodi\/radni-stol-bazni-element-infinity-operative\/\",\"url\":\"https:\/\/www.velinac.hr\/shop\/proizvodi\/radni-stol-bazni-element-infinity-operative\/\",\"name\":\"Radni stol za bazni element Infinity Operative - Velinac webshop\",\"isPartOf\":{\"@id\":\"https:\/\/www.velinac.hr\/shop\/#website\"},\"primaryImageOfPage\":{\"@id\":\"https:\/\/www.velinac.hr\/shop\/proizvodi\/radni-stol-bazni-element-infinity-operative\/#primaryimage\"},\"image\":{\"@id\":\"https:\/\/www.velinac.hr\/shop\/proizvodi\/radni-stol-bazni-element-infinity-operative\/#primaryimage\"},\"thumbnailUrl\":\"https:\/\/www.velinac.hr\/shop\/wp-content\/uploads\/2019\/01\/51021_javor-0000.png\",\"datePublished\":\"2019-01-04T08:23:56+00:00\",\"dateModified\":\"2024-03-11T13:24:18+00:00\",\"breadcrumb\":{\"@id\":\"https:\/\/www.velinac.hr\/shop\/proizvodi\/radni-stol-bazni-element-infinity-operative\/#breadcrumb\"},\"inLanguage\":\"en-US\",\"potentialAction\":[{\"@type\":\"ReadAction\",\"target\":[\"https:\/\/www.velinac.hr\/shop\/proizvodi\/radni-stol-bazni-element-infinity-operative\/\"]}]},{\"@type\":\"ImageObject\",\"inLanguage\":\"en-US\",\"@id\":\"https:\/\/www.velinac.hr\/shop\/proizvodi\/radni-stol-bazni-element-infinity-operative\/#primaryimage\",\"url\":\"https:\/\/www.velinac.hr\/shop\/wp-content\/uploads\/2019\/01\/51021_javor-0000.png\",\"contentUrl\":\"https:\/\/www.velinac.hr\/shop\/wp-content\/uploads\/2019\/01\/51021_javor-0000.png\",\"width\":1000,\"height\":1000},{\"@type\":\"BreadcrumbList\",\"@id\":\"https:\/\/www.velinac.hr\/shop\/proizvodi\/radni-stol-bazni-element-infinity-operative\/#breadcrumb\",\"itemListElement\":[{\"@type\":\"ListItem\",\"position\":1,\"name\":\"Po\u010detna stranica\",\"item\":\"https:\/\/www.velinac.hr\/shop\/\"},{\"@type\":\"ListItem\",\"position\":2,\"name\":\"Proizvodi\",\"item\":\"https:\/\/www.velinac.hr\/shop\/proizvodi\/\"},{\"@type\":\"ListItem\",\"position\":3,\"name\":\"Stolovi\",\"item\":\"https:\/\/www.velinac.hr\/shop\/kategorija-proizvoda\/stolovi\/\"},{\"@type\":\"ListItem\",\"position\":4,\"name\":\"Radni stol za bazni element Infinity Operative\"}]},{\"@type\":\"WebSite\",\"@id\":\"https:\/\/www.velinac.hr\/shop\/#website\",\"url\":\"https:\/\/www.velinac.hr\/shop\/\",\"name\":\"Velinac webshop\",\"description\":\"ured za Va\u0161 presti\u017e\",\"potentialAction\":[{\"@type\":\"SearchAction\",\"target\":{\"@type\":\"EntryPoint\",\"urlTemplate\":\"https:\/\/www.velinac.hr\/shop\/?s={search_term_string}\"},\"query-input\":\"required name=search_term_string\"}],\"inLanguage\":\"en-US\"}]}<\/script>\n<!-- \/ Yoast SEO plugin. -->","yoast_head_json":{"title":"Radni stol za bazni element Infinity Operative - Velinac webshop","robots":{"index":"index","follow":"follow","max-snippet":"max-snippet:-1","max-image-preview":"max-image-preview:large","max-video-preview":"max-video-preview:-1"},"canonical":"https:\/\/www.velinac.hr\/shop\/proizvodi\/radni-stol-bazni-element-infinity-operative\/","og_locale":"en_US","og_type":"article","og_title":"Radni stol za bazni element Infinity Operative - Velinac webshop","og_description":"Radna plo\u010da stola izra\u0111ena od iverala debljine 25 mm. Rubovi kantirani ABS rubnom trakom debljine 2 mm. Metalne noge trokutastog presjeka izra\u0111ene od profila 50&#215;50 mm, plastificirane te povezane parom plastificiranih metalnih konzola. Stol se jednom stranom oslanja &hellip;","og_url":"https:\/\/www.velinac.hr\/shop\/proizvodi\/radni-stol-bazni-element-infinity-operative\/","og_site_name":"Velinac webshop","article_modified_time":"2024-03-11T13:24:18+00:00","og_image":[{"width":1000,"height":1000,"url":"https:\/\/www.velinac.hr\/shop\/wp-content\/uploads\/2019\/01\/51021_javor-0000.png","type":"image\/png"}],"twitter_card":"summary_large_image","twitter_misc":{"Est. reading time":"1 minute"},"schema":{"@context":"https:\/\/schema.org","@graph":[{"@type":"WebPage","@id":"https:\/\/www.velinac.hr\/shop\/proizvodi\/radni-stol-bazni-element-infinity-operative\/","url":"https:\/\/www.velinac.hr\/shop\/proizvodi\/radni-stol-bazni-element-infinity-operative\/","name":"Radni stol za bazni element Infinity Operative - Velinac webshop","isPartOf":{"@id":"https:\/\/www.velinac.hr\/shop\/#website"},"primaryImageOfPage":{"@id":"https:\/\/www.velinac.hr\/shop\/proizvodi\/radni-stol-bazni-element-infinity-operative\/#primaryimage"},"image":{"@id":"https:\/\/www.velinac.hr\/shop\/proizvodi\/radni-stol-bazni-element-infinity-operative\/#primaryimage"},"thumbnailUrl":"https:\/\/www.velinac.hr\/shop\/wp-content\/uploads\/2019\/01\/51021_javor-0000.png","datePublished":"2019-01-04T08:23:56+00:00","dateModified":"2024-03-11T13:24:18+00:00","breadcrumb":{"@id":"https:\/\/www.velinac.hr\/shop\/proizvodi\/radni-stol-bazni-element-infinity-operative\/#breadcrumb"},"inLanguage":"en-US","potentialAction":[{"@type":"ReadAction","target":["https:\/\/www.velinac.hr\/shop\/proizvodi\/radni-stol-bazni-element-infinity-operative\/"]}]},{"@type":"ImageObject","inLanguage":"en-US","@id":"https:\/\/www.velinac.hr\/shop\/proizvodi\/radni-stol-bazni-element-infinity-operative\/#primaryimage","url":"https:\/\/www.velinac.hr\/shop\/wp-content\/uploads\/2019\/01\/51021_javor-0000.png","contentUrl":"https:\/\/www.velinac.hr\/shop\/wp-content\/uploads\/2019\/01\/51021_javor-0000.png","width":1000,"height":1000},{"@type":"BreadcrumbList","@id":"https:\/\/www.velinac.hr\/shop\/proizvodi\/radni-stol-bazni-element-infinity-operative\/#breadcrumb","itemListElement":[{"@type":"ListItem","position":1,"name":"Po\u010detna stranica","item":"https:\/\/www.velinac.hr\/shop\/"},{"@type":"ListItem","position":2,"name":"Proizvodi","item":"https:\/\/www.velinac.hr\/shop\/proizvodi\/"},{"@type":"ListItem","position":3,"name":"Stolovi","item":"https:\/\/www.velinac.hr\/shop\/kategorija-proizvoda\/stolovi\/"},{"@type":"ListItem","position":4,"name":"Radni stol za bazni element Infinity Operative"}]},{"@type":"WebSite","@id":"https:\/\/www.velinac.hr\/shop\/#website","url":"https:\/\/www.velinac.hr\/shop\/","name":"Velinac webshop","description":"ured za Va\u0161 presti\u017e","potentialAction":[{"@type":"SearchAction","target":{"@type":"EntryPoint","urlTemplate":"https:\/\/www.velinac.hr\/shop\/?s={search_term_string}"},"query-input":"required name=search_term_string"}],"inLanguage":"en-US"}]}},"_links":{"self":[{"href":"https:\/\/www.velinac.hr\/shop\/wp-json\/wp\/v2\/product\/9307"}],"collection":[{"href":"https:\/\/www.velinac.hr\/shop\/wp-json\/wp\/v2\/product"}],"about":[{"href":"https:\/\/www.velinac.hr\/shop\/wp-json\/wp\/v2\/types\/product"}],"replies":[{"embeddable":true,"href":"https:\/\/www.velinac.hr\/shop\/wp-json\/wp\/v2\/comments?post=9307"}],"wp:featuredmedia":[{"embeddable":true,"href":"https:\/\/www.velinac.hr\/shop\/wp-json\/wp\/v2\/media\/9301"}],"wp:attachment":[{"href":"https:\/\/www.velinac.hr\/shop\/wp-json\/wp\/v2\/media?parent=9307"}],"curies":[{"name":"wp","href":"https:\/\/api.w.org\/{rel}","templated":true}]}}